{"id":890,"date":"2021-02-07T18:12:38","date_gmt":"2021-02-07T17:12:38","guid":{"rendered":"http:\/\/www.sorege.fr\/?page_id=890"},"modified":"2022-09-06T10:26:40","modified_gmt":"2022-09-06T09:26:40","slug":"le-coaching","status":"publish","type":"page","link":"https:\/\/www.sorege.fr\/?page_id=890","title":{"rendered":"Le coaching"},"content":{"rendered":"\n<p>D\u00e9clencher et accompagner le changement s&rsquo;aborde \u00e9galement avec le coaching de vie.<br>Identifier les blocages, les croyances qui limitent nos actes, qui emp\u00eachent notre essor ; contacter nos valeurs, nos ressources pour aller vers notre projet de vie ; percevoir notre positionnement et acc\u00e9der aux moyens personnels internes non encore d\u00e9cel\u00e9s pour le modifier&#8230; Tout ceci se vit avec des outils de communication sp\u00e9cifiques, des outils  diagnostiques indispensables, des techniques propres \u00e0 la conduite de changement, \u00e0 la r\u00e9solution de conflits tr\u00e8s souvent internes.<br>La pluralit\u00e9 des formations, des outils et des exp\u00e9riences acquises m&rsquo;offre un panel de moyens  tr\u00e8s compl\u00e9mentaires au service du client, de son rythme, de ses besoins.<\/p>\n","protected":false},"excerpt":{"rendered":"<p>D\u00e9clencher et accompagner le changement s&rsquo;aborde \u00e9galement avec le coaching de vie.Identifier les blocages, les croyances qui limitent nos actes, qui emp\u00eachent notre essor ; contacter nos valeurs, nos ressources pour aller vers notre projet de vie ; percevoir notre &hellip; <a href=\"https:\/\/www.sorege.fr\/?page_id=890\">Continuer la lecture <span class=\"meta-nav\">&rarr;<\/span><\/a><\/p>\n","protected":false},"author":2,"featured_media":0,"parent":13,"menu_order":2,"comment_status":"closed","ping_status":"closed","template":"","meta":{"footnotes":""},"class_list":["post-890","page","type-page","status-publish","hentry"],"aioseo_notices":[],"_links":{"self":[{"href":"https:\/\/www.sorege.fr\/index.php?rest_route=\/wp\/v2\/pages\/890","targetHints":{"allow":["GET"]}}],"collection":[{"href":"https:\/\/www.sorege.fr\/index.php?rest_route=\/wp\/v2\/pages"}],"about":[{"href":"https:\/\/www.sorege.fr\/index.php?rest_route=\/wp\/v2\/types\/page"}],"author":[{"embeddable":true,"href":"https:\/\/www.sorege.fr\/index.php?rest_route=\/wp\/v2\/users\/2"}],"replies":[{"embeddable":true,"href":"https:\/\/www.sorege.fr\/index.php?rest_route=%2Fwp%2Fv2%2Fcomments&post=890"}],"version-history":[{"count":4,"href":"https:\/\/www.sorege.fr\/index.php?rest_route=\/wp\/v2\/pages\/890\/revisions"}],"predecessor-version":[{"id":970,"href":"https:\/\/www.sorege.fr\/index.php?rest_route=\/wp\/v2\/pages\/890\/revisions\/970"}],"up":[{"embeddable":true,"href":"https:\/\/www.sorege.fr\/index.php?rest_route=\/wp\/v2\/pages\/13"}],"wp:attachment":[{"href":"https:\/\/www.sorege.fr\/index.php?rest_route=%2Fwp%2Fv2%2Fmedia&parent=890"}],"curies":[{"name":"wp","href":"https:\/\/api.w.org\/{rel}","templated":true}]}}