{"id":816,"date":"2020-04-03T13:30:41","date_gmt":"2020-04-03T12:30:41","guid":{"rendered":"http:\/\/www.sorege.fr\/?page_id=816"},"modified":"2020-04-03T13:50:32","modified_gmt":"2020-04-03T12:50:32","slug":"la-direction-departementale-de-la-cohesion-sociale","status":"publish","type":"page","link":"https:\/\/www.sorege.fr\/?page_id=816","title":{"rendered":"La Direction D\u00e9partementale de la Coh\u00e9sion Sociale"},"content":{"rendered":"\n<p>2018 et 2019 ont \u00e9t\u00e9 riches en accompagnements au sein de la DDCS avec de multiples horizons : accueil de personnels de l&rsquo;Education Nationale, de la Pr\u00e9fecture, de la DDCS&#8230; pour exp\u00e9rimenter, tous les 15 jours, une s\u00e9ance de sophrologie.<br>Riche!!!<\/p>\n","protected":false},"excerpt":{"rendered":"<p>2018 et 2019 ont \u00e9t\u00e9 riches en accompagnements au sein de la DDCS avec de multiples horizons : accueil de personnels de l&rsquo;Education Nationale, de la Pr\u00e9fecture, de la DDCS&#8230; pour exp\u00e9rimenter, tous les 15 jours, une s\u00e9ance de sophrologie.Riche!!!<\/p>\n","protected":false},"author":2,"featured_media":0,"parent":27,"menu_order":11,"comment_status":"closed","ping_status":"closed","template":"","meta":{"footnotes":""},"class_list":["post-816","page","type-page","status-publish","hentry"],"aioseo_notices":[],"_links":{"self":[{"href":"https:\/\/www.sorege.fr\/index.php?rest_route=\/wp\/v2\/pages\/816","targetHints":{"allow":["GET"]}}],"collection":[{"href":"https:\/\/www.sorege.fr\/index.php?rest_route=\/wp\/v2\/pages"}],"about":[{"href":"https:\/\/www.sorege.fr\/index.php?rest_route=\/wp\/v2\/types\/page"}],"author":[{"embeddable":true,"href":"https:\/\/www.sorege.fr\/index.php?rest_route=\/wp\/v2\/users\/2"}],"replies":[{"embeddable":true,"href":"https:\/\/www.sorege.fr\/index.php?rest_route=%2Fwp%2Fv2%2Fcomments&post=816"}],"version-history":[{"count":2,"href":"https:\/\/www.sorege.fr\/index.php?rest_route=\/wp\/v2\/pages\/816\/revisions"}],"predecessor-version":[{"id":819,"href":"https:\/\/www.sorege.fr\/index.php?rest_route=\/wp\/v2\/pages\/816\/revisions\/819"}],"up":[{"embeddable":true,"href":"https:\/\/www.sorege.fr\/index.php?rest_route=\/wp\/v2\/pages\/27"}],"wp:attachment":[{"href":"https:\/\/www.sorege.fr\/index.php?rest_route=%2Fwp%2Fv2%2Fmedia&parent=816"}],"curies":[{"name":"wp","href":"https:\/\/api.w.org\/{rel}","templated":true}]}}