{"id":794,"date":"2020-04-02T15:51:59","date_gmt":"2020-04-02T14:51:59","guid":{"rendered":"http:\/\/www.sorege.fr\/?page_id=794"},"modified":"2020-04-03T15:29:33","modified_gmt":"2020-04-03T14:29:33","slug":"moe-kan-organisation-spectacles-et-evenementiel","status":"publish","type":"page","link":"https:\/\/www.sorege.fr\/?page_id=794","title":{"rendered":"Mo\u00eb-Kan &#8211; spectacles et \u00e9venementiel"},"content":{"rendered":"\n<p>Grand merci \u00e0 Philippe Cuvelette et la Soci\u00e9t<a href=\"https:\/\/spectacles-et-evenements.fr\/\">\u00e9<strong> Mo\u00eb-Kan<\/strong><\/a> de m&rsquo;accueillir pour partager la pratique sophrologique aupr\u00e8s de tous les acteurs du spectacle et de l&rsquo;\u00e9v\u00e8nementiel et de me permettre de m&rsquo;amuser!  Si sensible au d\u00e9veloppement de toutes ces pratiques visant le bien-\u00eatre pour accompagner le maximum de personnes. Merci! <strong><a href=\"https:\/\/www.youtube.com\/watch?v=7TKtXTS-6XM\">Vid\u00e9o ici.<\/a><\/strong><\/p>\n","protected":false},"excerpt":{"rendered":"<p>Grand merci \u00e0 Philippe Cuvelette et la Soci\u00e9t\u00e9 Mo\u00eb-Kan de m&rsquo;accueillir pour partager la pratique sophrologique aupr\u00e8s de tous les acteurs du spectacle et de l&rsquo;\u00e9v\u00e8nementiel et de me permettre de m&rsquo;amuser! Si sensible au d\u00e9veloppement de toutes ces pratiques &hellip; <a href=\"https:\/\/www.sorege.fr\/?page_id=794\">Continuer la lecture <span class=\"meta-nav\">&rarr;<\/span><\/a><\/p>\n","protected":false},"author":2,"featured_media":0,"parent":27,"menu_order":1,"comment_status":"closed","ping_status":"closed","template":"","meta":{"footnotes":""},"class_list":["post-794","page","type-page","status-publish","hentry"],"aioseo_notices":[],"_links":{"self":[{"href":"https:\/\/www.sorege.fr\/index.php?rest_route=\/wp\/v2\/pages\/794","targetHints":{"allow":["GET"]}}],"collection":[{"href":"https:\/\/www.sorege.fr\/index.php?rest_route=\/wp\/v2\/pages"}],"about":[{"href":"https:\/\/www.sorege.fr\/index.php?rest_route=\/wp\/v2\/types\/page"}],"author":[{"embeddable":true,"href":"https:\/\/www.sorege.fr\/index.php?rest_route=\/wp\/v2\/users\/2"}],"replies":[{"embeddable":true,"href":"https:\/\/www.sorege.fr\/index.php?rest_route=%2Fwp%2Fv2%2Fcomments&post=794"}],"version-history":[{"count":5,"href":"https:\/\/www.sorege.fr\/index.php?rest_route=\/wp\/v2\/pages\/794\/revisions"}],"predecessor-version":[{"id":810,"href":"https:\/\/www.sorege.fr\/index.php?rest_route=\/wp\/v2\/pages\/794\/revisions\/810"}],"up":[{"embeddable":true,"href":"https:\/\/www.sorege.fr\/index.php?rest_route=\/wp\/v2\/pages\/27"}],"wp:attachment":[{"href":"https:\/\/www.sorege.fr\/index.php?rest_route=%2Fwp%2Fv2%2Fmedia&parent=794"}],"curies":[{"name":"wp","href":"https:\/\/api.w.org\/{rel}","templated":true}]}}