{"id":712,"date":"2019-03-03T08:54:10","date_gmt":"2019-03-03T07:54:10","guid":{"rendered":"http:\/\/www.sorege.fr\/?page_id=712"},"modified":"2019-07-09T12:29:16","modified_gmt":"2019-07-09T11:29:16","slug":"mentions-legales","status":"publish","type":"page","link":"https:\/\/www.sorege.fr\/?page_id=712","title":{"rendered":"Mentions l\u00e9gales"},"content":{"rendered":"\n<h3 class=\"wp-block-heading\">Informations \u00e9diteur<\/h3>\n\n\n\n<p>https:\/\/www.sorege.fr est un service propos\u00e9 par Nathalie Devey, praticienne en sophrologie.<br>SOphrologie RElaxation GEstion du stress <\/p>\n\n\n\n<p>2 rue de la Bergerette<br>60000 Beauvais <br>t\u00e9l. : 07.77.05.12.40 <\/p>\n\n\n\n<h3 class=\"wp-block-heading\">\n\nH\u00e9bergement :\n\n<\/h3>\n\n\n\n<p>\n\nOVH<br>SAS au capital de 10 069 020 \u20ac RCS Lille M\u00e9tropole 424 761 419 00045 Code APE 2620Z N\u00b0 TVA : FR 22 424 761 419 <br>Si\u00e8ge social : 2 rue Kellermann &#8211; 59100 Roubaix &#8211; France\n\n<\/p>\n\n\n\n<h3 class=\"wp-block-heading\">Limitations contractuelles sur les donn\u00e9es techniques :<\/h3>\n\n\n\n<p>\n\nLe site utilise le CMS WordPress.<br>Le site https:\/\/www.sorege.fr ne pourra \u00eatre tenu responsable de dommages mat\u00e9riels li\u00e9s \u00e0 l\u2019utilisation du site. De plus, l\u2019utilisateur du site s\u2019engage \u00e0 acc\u00e9der au site en utilisant un mat\u00e9riel r\u00e9cent, ne contenant pas de virus et avec un navigateur de derni\u00e8re g\u00e9n\u00e9ration mis-\u00e0-jour.\n\n<\/p>\n\n\n\n<h2 class=\"wp-block-heading\">Propri\u00e9t\u00e9 intellectuelle et contrefa\u00e7ons :<\/h2>\n\n\n\n<p>\n\nLes contenus mis \u00e0 disposition sur ce site sont propos\u00e9s, sauf mentions contraires, sous licence Creative Commons by-nc-sa et sont la propri\u00e9t\u00e9 intellectuelle de leurs auteurs.<br>Pas d\u2019Utilisation Commerciale &#8211; Partage dans les M\u00eames Conditions.<br>Conform\u00e9ment aux dispositions de la loi Informatique et libert\u00e9s, l\u2019acad\u00e9mie vous informe que vous disposez d\u2019un droit d\u2019information, d\u2019acc\u00e8s, de rectification, d\u2019opposition et de suppression de l\u2019ensemble des donn\u00e9es personnelles vous concernant et dont nous disposons.<br>Loi n\u00b0 78-17 du 6 janvier 1978<br>RGPD n\u00b02016\/679RGPD n\u00b02016\/679<br>Vous pouvez exercer ces droits \u00e0 l\u2019adresse indiqu\u00e9e au d\u00e9but de ces mentions l\u00e9gales\n\n<\/p>\n\n\n\n<h3 class=\"wp-block-heading\">\n\nConditions d\u2019utilisation du site\n\n<\/h3>\n\n\n\n<p>\n\nL\u2019utilisateur de ce site reconna\u00eet disposer de la comp\u00e9tence et des moyens n\u00e9cessaires pour y acc\u00e9der et l\u2019utiliser. Il est invit\u00e9 \u00e0 respecter les bons usages de l\u2019internet, en particulier, dans l\u2019utilisation des adresses \u00e9lectroniques figurant sur le site.<br>Il est rappel\u00e9 que l\u2019article 26 de la loi du 6 janvier 1978 \u00ab Informatique et libert\u00e9s \u00bb prohibe toute collecte massive d\u2019adresses nominatives, \u00e0 l\u2019insu de leurs d\u00e9tenteurs, pour proc\u00e9der \u00e0 l\u2019envoi massif de messages non d\u00e9sir\u00e9s, quel que soit l\u2019objet des messages diffus\u00e9s. En application de l\u2019article 16 de cette loi, sont \u00e9galement interdites la constitution de syst\u00e8mes d\u2019envoi automatis\u00e9 de messages, la cr\u00e9ation de bases de donn\u00e9es r\u00e9unissant les adresses \u00e9lectroniques de personnes pouvant figurer sur le site et la mise en place de traitements automatis\u00e9s d\u2019informations nominatives les concernant.<br>Sur ce site sont diffus\u00e9es des informations disponibles et v\u00e9rifi\u00e9es, mais ces derni\u00e8res ne sont pas n\u00e9cessairement compl\u00e8tes, exhaustives, exactes ou \u00e0 jour : l\u2019\u00e9diteur ne saurait en \u00eatre tenu pour responsable. Les utilisateurs du site peuvent faire part d\u2019\u00e9ventuelles omissions, erreurs ou insuffisances par courriel au webmestre du site : il en sera tenu compte dans les meilleurs d\u00e9lais.\n\n<\/p>\n\n\n\n<h3 class=\"wp-block-heading\">\n\nDonn\u00e9es statistiques\n\n<\/h3>\n\n\n\n<p>\n\nAfin de mieux conna\u00eetre les centres d\u2019int\u00e9r\u00eat des visiteurs du site et en vue de son am\u00e9lioration, nous pouvons \u00eatre amen\u00e9s \u00e0 mesurer le nombre de visites, de pages vues, ainsi que l\u2019activit\u00e9 des visiteurs sur le site, et leur fr\u00e9quence de retour. \u00c0 cet effet, la technologie des cookies peut \u00eatre utilis\u00e9e. <br>Le refus d\u2019installation d\u2019un cookie peut entra\u00eener l\u2019impossibilit\u00e9 d\u2019acc\u00e9der \u00e0 certains services. L\u2019utilisateur peut toutefois configurer son ordinateur de la mani\u00e8re suivante, pour refuser l\u2019installation des cookies :<br>Sous Internet Explorer : onglet outil (pictogramme en forme de rouage en haut \u00e0 droite) \/ options internet. Cliquez sur Confidentialit\u00e9 et choisissez Bloquer tous les cookies. Validez sur Ok.<br>Sous Firefox : en haut de la fen\u00eatre du navigateur, cliquez sur le bouton Firefox, puis aller dans l\u2019onglet Options. Cliquer sur l\u2019onglet Vie priv\u00e9e. Param\u00e9trez les R\u00e8gles de conservation sur : utiliser les param\u00e8tres personnalis\u00e9s pour l\u2019historique. Enfin d\u00e9cochez-la pour d\u00e9sactiver les cookies.<br>Sous Safari : Cliquez en haut \u00e0 droite du navigateur sur le pictogramme de menu (symbolis\u00e9 par un rouage). S\u00e9lectionnez Param\u00e8tres. Cliquez sur Afficher les param\u00e8tres avanc\u00e9s. Dans la section \u00ab Confidentialit\u00e9 \u00bb, cliquez sur Param\u00e8tres de contenu. Dans la section \u00ab Cookies \u00bb, vous pouvez bloquer les cookies.<br>Sous Chrome : Cliquez en haut \u00e0 droite du navigateur sur le pictogramme de menu (symbolis\u00e9 par trois lignes horizontales). S\u00e9lectionnez Param\u00e8tres. Cliquez sur Afficher les param\u00e8tres avanc\u00e9s. Dans la section \u00ab Confidentialit\u00e9 \u00bb, cliquez sur pr\u00e9f\u00e9rences. Dans l\u2019onglet \u00ab Confidentialit\u00e9 \u00bb, vous pouvez bloquer les cookies.<br>Par ailleurs, il peut \u00eatre proc\u00e9d\u00e9 \u00e9galement \u00e0 l\u2019analyse de la fr\u00e9quentation du site \u00e0 partir de l\u2019exploitation des donn\u00e9es de connexion. Les adresses IP relatives aux consultations effectu\u00e9es ne sont pas conserv\u00e9es au-del\u00e0 de 12 mois.\n\n<\/p>\n","protected":false},"excerpt":{"rendered":"<p>Informations \u00e9diteur https:\/\/www.sorege.fr est un service propos\u00e9 par Nathalie Devey, praticienne en sophrologie.SOphrologie RElaxation GEstion du stress 2 rue de la Bergerette60000 Beauvais t\u00e9l. : 07.77.05.12.40 H\u00e9bergement : OVHSAS au capital de 10 069 020 \u20ac RCS Lille M\u00e9tropole 424 &hellip; <a href=\"https:\/\/www.sorege.fr\/?page_id=712\">Continuer la lecture <span class=\"meta-nav\">&rarr;<\/span><\/a><\/p>\n","protected":false},"author":2,"featured_media":0,"parent":19,"menu_order":0,"comment_status":"closed","ping_status":"closed","template":"","meta":{"footnotes":""},"class_list":["post-712","page","type-page","status-publish","hentry"],"aioseo_notices":[],"_links":{"self":[{"href":"https:\/\/www.sorege.fr\/index.php?rest_route=\/wp\/v2\/pages\/712","targetHints":{"allow":["GET"]}}],"collection":[{"href":"https:\/\/www.sorege.fr\/index.php?rest_route=\/wp\/v2\/pages"}],"about":[{"href":"https:\/\/www.sorege.fr\/index.php?rest_route=\/wp\/v2\/types\/page"}],"author":[{"embeddable":true,"href":"https:\/\/www.sorege.fr\/index.php?rest_route=\/wp\/v2\/users\/2"}],"replies":[{"embeddable":true,"href":"https:\/\/www.sorege.fr\/index.php?rest_route=%2Fwp%2Fv2%2Fcomments&post=712"}],"version-history":[{"count":4,"href":"https:\/\/www.sorege.fr\/index.php?rest_route=\/wp\/v2\/pages\/712\/revisions"}],"predecessor-version":[{"id":756,"href":"https:\/\/www.sorege.fr\/index.php?rest_route=\/wp\/v2\/pages\/712\/revisions\/756"}],"up":[{"embeddable":true,"href":"https:\/\/www.sorege.fr\/index.php?rest_route=\/wp\/v2\/pages\/19"}],"wp:attachment":[{"href":"https:\/\/www.sorege.fr\/index.php?rest_route=%2Fwp%2Fv2%2Fmedia&parent=712"}],"curies":[{"name":"wp","href":"https:\/\/api.w.org\/{rel}","templated":true}]}}