{"id":562,"date":"2015-10-15T12:43:21","date_gmt":"2015-10-15T11:43:21","guid":{"rendered":"http:\/\/www.sorege.fr\/?page_id=562"},"modified":"2020-04-03T13:50:19","modified_gmt":"2020-04-03T12:50:19","slug":"societe-thales-meru","status":"publish","type":"page","link":"https:\/\/www.sorege.fr\/?page_id=562","title":{"rendered":"Soci\u00e9t\u00e9 Thal\u00e8s M\u00e9ru"},"content":{"rendered":"<p>Octobre 2015<\/p>\n<p>La sophrologie s&rsquo;int\u00e8gre merveilleusement bien dans la semaine \u00ab\u00a0bien-\u00eatre au travail\u00a0\u00bb de la soci\u00e9t\u00e9 Thal\u00e8s situ\u00e9e \u00e0 M\u00e9ru.<\/p>\n<p>Merci pour l&rsquo;accueil des participants et organisateurs&#8230; A renouveler&#8230;<\/p>\n","protected":false},"excerpt":{"rendered":"<p>Octobre 2015 La sophrologie s&rsquo;int\u00e8gre merveilleusement bien dans la semaine \u00ab\u00a0bien-\u00eatre au travail\u00a0\u00bb de la soci\u00e9t\u00e9 Thal\u00e8s situ\u00e9e \u00e0 M\u00e9ru. Merci pour l&rsquo;accueil des participants et organisateurs&#8230; A renouveler&#8230;<\/p>\n","protected":false},"author":2,"featured_media":0,"parent":27,"menu_order":9,"comment_status":"closed","ping_status":"closed","template":"","meta":{"footnotes":""},"class_list":["post-562","page","type-page","status-publish","hentry"],"aioseo_notices":[],"_links":{"self":[{"href":"https:\/\/www.sorege.fr\/index.php?rest_route=\/wp\/v2\/pages\/562","targetHints":{"allow":["GET"]}}],"collection":[{"href":"https:\/\/www.sorege.fr\/index.php?rest_route=\/wp\/v2\/pages"}],"about":[{"href":"https:\/\/www.sorege.fr\/index.php?rest_route=\/wp\/v2\/types\/page"}],"author":[{"embeddable":true,"href":"https:\/\/www.sorege.fr\/index.php?rest_route=\/wp\/v2\/users\/2"}],"replies":[{"embeddable":true,"href":"https:\/\/www.sorege.fr\/index.php?rest_route=%2Fwp%2Fv2%2Fcomments&post=562"}],"version-history":[{"count":2,"href":"https:\/\/www.sorege.fr\/index.php?rest_route=\/wp\/v2\/pages\/562\/revisions"}],"predecessor-version":[{"id":564,"href":"https:\/\/www.sorege.fr\/index.php?rest_route=\/wp\/v2\/pages\/562\/revisions\/564"}],"up":[{"embeddable":true,"href":"https:\/\/www.sorege.fr\/index.php?rest_route=\/wp\/v2\/pages\/27"}],"wp:attachment":[{"href":"https:\/\/www.sorege.fr\/index.php?rest_route=%2Fwp%2Fv2%2Fmedia&parent=562"}],"curies":[{"name":"wp","href":"https:\/\/api.w.org\/{rel}","templated":true}]}}