{"id":547,"date":"2015-07-08T20:37:22","date_gmt":"2015-07-08T19:37:22","guid":{"rendered":"http:\/\/www.sorege.fr\/?page_id=547"},"modified":"2020-04-03T13:50:28","modified_gmt":"2020-04-03T12:50:28","slug":"la-ligue-contre-le-cancer-beauvais","status":"publish","type":"page","link":"https:\/\/www.sorege.fr\/?page_id=547","title":{"rendered":"La Ligue contre le cancer &#8211; Beauvais"},"content":{"rendered":"<p>Le premier lundi de chaque mois, j&rsquo;interviens \u00e0 La<a href=\"http:\/\/www.ligue-cancer.net\"> Ligue contre le cancer<\/a> afin d&rsquo;accompagner les personnes d\u00e9sireuses de trouver mieux-\u00eatre, s\u00e9r\u00e9nit\u00e9, confiance.<\/p>\n<p>&nbsp;<\/p>\n","protected":false},"excerpt":{"rendered":"<p>Le premier lundi de chaque mois, j&rsquo;interviens \u00e0 La Ligue contre le cancer afin d&rsquo;accompagner les personnes d\u00e9sireuses de trouver mieux-\u00eatre, s\u00e9r\u00e9nit\u00e9, confiance. &nbsp;<\/p>\n","protected":false},"author":2,"featured_media":0,"parent":27,"menu_order":10,"comment_status":"closed","ping_status":"closed","template":"","meta":{"footnotes":""},"class_list":["post-547","page","type-page","status-publish","hentry"],"aioseo_notices":[],"_links":{"self":[{"href":"https:\/\/www.sorege.fr\/index.php?rest_route=\/wp\/v2\/pages\/547","targetHints":{"allow":["GET"]}}],"collection":[{"href":"https:\/\/www.sorege.fr\/index.php?rest_route=\/wp\/v2\/pages"}],"about":[{"href":"https:\/\/www.sorege.fr\/index.php?rest_route=\/wp\/v2\/types\/page"}],"author":[{"embeddable":true,"href":"https:\/\/www.sorege.fr\/index.php?rest_route=\/wp\/v2\/users\/2"}],"replies":[{"embeddable":true,"href":"https:\/\/www.sorege.fr\/index.php?rest_route=%2Fwp%2Fv2%2Fcomments&post=547"}],"version-history":[{"count":1,"href":"https:\/\/www.sorege.fr\/index.php?rest_route=\/wp\/v2\/pages\/547\/revisions"}],"predecessor-version":[{"id":548,"href":"https:\/\/www.sorege.fr\/index.php?rest_route=\/wp\/v2\/pages\/547\/revisions\/548"}],"up":[{"embeddable":true,"href":"https:\/\/www.sorege.fr\/index.php?rest_route=\/wp\/v2\/pages\/27"}],"wp:attachment":[{"href":"https:\/\/www.sorege.fr\/index.php?rest_route=%2Fwp%2Fv2%2Fmedia&parent=547"}],"curies":[{"name":"wp","href":"https:\/\/api.w.org\/{rel}","templated":true}]}}