{"id":541,"date":"2015-06-22T08:34:10","date_gmt":"2015-06-22T07:34:10","guid":{"rendered":"http:\/\/www.sorege.fr\/?page_id=541"},"modified":"2024-12-21T20:56:19","modified_gmt":"2024-12-21T19:56:19","slug":"une-page-pour-les-acouphenes-lhyperacousie-la-maladie-de-meniere","status":"publish","type":"page","link":"https:\/\/www.sorege.fr\/?page_id=541","title":{"rendered":"Une page pour les acouph\u00e8nes, l&rsquo;hyperacousie, la maladie de M\u00e9ni\u00e8re"},"content":{"rendered":"<p>Form\u00e9e \u00e0 l&rsquo;accompagnement des personnes souffrant de troubles de l&rsquo;audition, je fais partie du <strong><em><a href=\"http:\/\/www.pole-sophrologie-acouphenes.fr\/\">P\u00f4le Sophrologie et Acouph\u00e8nes<\/a><\/em><\/strong>, initi\u00e9 par Patricia Gr\u00e9vin depuis 2010,\u00a0 qui regroupe l&rsquo;ensemble des accompagnants proposant une prise en charge sur le territoire fran\u00e7ais.<\/p>\n<p>La sophrologie permet de mieux g\u00e9rer les sympt\u00f4mes, de les mettre \u00e0 distance et de retrouver une meilleure qualit\u00e9 de vie.<\/p>\n<p><strong><em>QUELQUES D\u00c9FINITIONS<\/em><\/strong>&#8230;<\/p>\n<p>Un <strong>acouph\u00e8ne<\/strong> est la perception d&rsquo;un bruit g\u1ebfnant, voire invalidant ressenti dans une oreille, les deux ou dans la t\u00eate.<br \/>\nL&rsquo;<strong>hyperacousie<\/strong> est une r\u00e9ponse anormalement forte, voire douloureuse, du syst\u00e8me auditif au bruit et aux sons per\u00e7us.<\/p>\n<p>La<strong> maladie de M\u00e9ni\u00e8re<\/strong> est une affection de l&rsquo;oreille interne qui entra\u00eene des vertiges, une surdit\u00e9 fluctuante et des acouph\u00e8nes.<\/p>\n<p>Pour plus de renseignements, veuillez me contacter.<\/p>\n","protected":false},"excerpt":{"rendered":"<p>Form\u00e9e \u00e0 l&rsquo;accompagnement des personnes souffrant de troubles de l&rsquo;audition, je fais partie du P\u00f4le Sophrologie et Acouph\u00e8nes, initi\u00e9 par Patricia Gr\u00e9vin depuis 2010,\u00a0 qui regroupe l&rsquo;ensemble des accompagnants proposant une prise en charge sur le territoire fran\u00e7ais. La sophrologie &hellip; <a href=\"https:\/\/www.sorege.fr\/?page_id=541\">Continuer la lecture <span class=\"meta-nav\">&rarr;<\/span><\/a><\/p>\n","protected":false},"author":2,"featured_media":0,"parent":13,"menu_order":4,"comment_status":"closed","ping_status":"closed","template":"","meta":{"footnotes":""},"class_list":["post-541","page","type-page","status-publish","hentry"],"aioseo_notices":[],"_links":{"self":[{"href":"https:\/\/www.sorege.fr\/index.php?rest_route=\/wp\/v2\/pages\/541","targetHints":{"allow":["GET"]}}],"collection":[{"href":"https:\/\/www.sorege.fr\/index.php?rest_route=\/wp\/v2\/pages"}],"about":[{"href":"https:\/\/www.sorege.fr\/index.php?rest_route=\/wp\/v2\/types\/page"}],"author":[{"embeddable":true,"href":"https:\/\/www.sorege.fr\/index.php?rest_route=\/wp\/v2\/users\/2"}],"replies":[{"embeddable":true,"href":"https:\/\/www.sorege.fr\/index.php?rest_route=%2Fwp%2Fv2%2Fcomments&post=541"}],"version-history":[{"count":4,"href":"https:\/\/www.sorege.fr\/index.php?rest_route=\/wp\/v2\/pages\/541\/revisions"}],"predecessor-version":[{"id":841,"href":"https:\/\/www.sorege.fr\/index.php?rest_route=\/wp\/v2\/pages\/541\/revisions\/841"}],"up":[{"embeddable":true,"href":"https:\/\/www.sorege.fr\/index.php?rest_route=\/wp\/v2\/pages\/13"}],"wp:attachment":[{"href":"https:\/\/www.sorege.fr\/index.php?rest_route=%2Fwp%2Fv2%2Fmedia&parent=541"}],"curies":[{"name":"wp","href":"https:\/\/api.w.org\/{rel}","templated":true}]}}