{"id":50,"date":"2013-08-13T05:44:13","date_gmt":"2013-08-13T04:44:13","guid":{"rendered":"http:\/\/cluster015.ovh.net\/~sorege\/?page_id=50"},"modified":"2020-04-03T13:11:28","modified_gmt":"2020-04-03T12:11:28","slug":"chambre-syndicale-de-sophrologie","status":"publish","type":"page","link":"https:\/\/www.sorege.fr\/?page_id=50","title":{"rendered":"LE TCHO CAF\u00c9"},"content":{"rendered":"<p>Des ateliers enfants et parents enfants sont anim\u00e9s au TCho Caf\u00e9 dans une ambiance conviviale.<br \/>\nNous y abordons la confiance en soi, l&rsquo;estime de&nbsp; soi, le lien \u00e0 soi et aux autres au travers des outils ludiques de la sophrologie.<\/p>\n<p>Venez voir ce qui s&rsquo;y passe<\/p>\n<h1 class=\"widget-title\"><a href=\"http:\/\/www.tcho-cafe.com\/\">Tcho Caf\u00e9<\/a><\/h1>\n<div class=\"textwidget\">1, square Clairefontaine &#8211; Quartier St Jean<br \/>\n60000 Beauvais<br \/>\nTel : 09.84.51.14.66<br \/>\nmail : rejane.tcho-cafe@outlook.fr<\/div>\n","protected":false},"excerpt":{"rendered":"<p>Des ateliers enfants et parents enfants sont anim\u00e9s au TCho Caf\u00e9 dans une ambiance conviviale. Nous y abordons la confiance en soi, l&rsquo;estime de&nbsp; soi, le lien \u00e0 soi et aux autres au travers des outils ludiques de la sophrologie. &hellip; <a href=\"https:\/\/www.sorege.fr\/?page_id=50\">Continuer la lecture <span class=\"meta-nav\">&rarr;<\/span><\/a><\/p>\n","protected":false},"author":2,"featured_media":0,"parent":27,"menu_order":2,"comment_status":"closed","ping_status":"closed","template":"","meta":{"footnotes":""},"class_list":["post-50","page","type-page","status-publish","hentry"],"aioseo_notices":[],"_links":{"self":[{"href":"https:\/\/www.sorege.fr\/index.php?rest_route=\/wp\/v2\/pages\/50","targetHints":{"allow":["GET"]}}],"collection":[{"href":"https:\/\/www.sorege.fr\/index.php?rest_route=\/wp\/v2\/pages"}],"about":[{"href":"https:\/\/www.sorege.fr\/index.php?rest_route=\/wp\/v2\/types\/page"}],"author":[{"embeddable":true,"href":"https:\/\/www.sorege.fr\/index.php?rest_route=\/wp\/v2\/users\/2"}],"replies":[{"embeddable":true,"href":"https:\/\/www.sorege.fr\/index.php?rest_route=%2Fwp%2Fv2%2Fcomments&post=50"}],"version-history":[{"count":7,"href":"https:\/\/www.sorege.fr\/index.php?rest_route=\/wp\/v2\/pages\/50\/revisions"}],"predecessor-version":[{"id":802,"href":"https:\/\/www.sorege.fr\/index.php?rest_route=\/wp\/v2\/pages\/50\/revisions\/802"}],"up":[{"embeddable":true,"href":"https:\/\/www.sorege.fr\/index.php?rest_route=\/wp\/v2\/pages\/27"}],"wp:attachment":[{"href":"https:\/\/www.sorege.fr\/index.php?rest_route=%2Fwp%2Fv2%2Fmedia&parent=50"}],"curies":[{"name":"wp","href":"https:\/\/api.w.org\/{rel}","templated":true}]}}