{"id":454,"date":"2014-10-07T15:58:02","date_gmt":"2014-10-07T14:58:02","guid":{"rendered":"http:\/\/www.sorege.fr\/?page_id=454"},"modified":"2020-04-03T13:50:13","modified_gmt":"2020-04-03T12:50:13","slug":"conseil-general-de-loise","status":"publish","type":"page","link":"https:\/\/www.sorege.fr\/?page_id=454","title":{"rendered":"Conseil G\u00e9n\u00e9ral de l&rsquo;Oise"},"content":{"rendered":"<p>A l&rsquo;occasion de la<strong> Semaine Bleue<\/strong>, d\u00e9di\u00e9e aux s\u00e9niors, du lundi 13 au samedi 18 octobre 2014, Caroline M\u00dcLLER, Sophrologue et moi m\u00eame Nathalie DEVEY, animons :<\/p>\n<p>&#8211; une <strong>conf\u00e9rence sur la sophrologie et les s\u00e9niors le mardi 14 octobre, \u00e0 15h &#8211; Salle des f\u00eates de Laversines<\/strong><\/p>\n<p>&#8211; une <strong>conf\u00e9rence sur la sophrologie et les s\u00e9niors le jeudi 16 octobre \u00e0 15h &#8211; Salle Pierre Mend\u00e8s France \u00e0 Fitz James.<\/strong><\/p>\n<p>&nbsp;<\/p>\n<p><strong><span style=\"color: #ff00ff;\">Soyons \u00e0 tout \u00e2ge cr\u00e9atif et citoyen avec la sophrologie!<\/span><\/strong><\/p>\n","protected":false},"excerpt":{"rendered":"<p>A l&rsquo;occasion de la Semaine Bleue, d\u00e9di\u00e9e aux s\u00e9niors, du lundi 13 au samedi 18 octobre 2014, Caroline M\u00dcLLER, Sophrologue et moi m\u00eame Nathalie DEVEY, animons : &#8211; une conf\u00e9rence sur la sophrologie et les s\u00e9niors le mardi 14 octobre, &hellip; <a href=\"https:\/\/www.sorege.fr\/?page_id=454\">Continuer la lecture <span class=\"meta-nav\">&rarr;<\/span><\/a><\/p>\n","protected":false},"author":2,"featured_media":0,"parent":27,"menu_order":8,"comment_status":"closed","ping_status":"closed","template":"","meta":{"footnotes":""},"class_list":["post-454","page","type-page","status-publish","hentry"],"aioseo_notices":[],"_links":{"self":[{"href":"https:\/\/www.sorege.fr\/index.php?rest_route=\/wp\/v2\/pages\/454","targetHints":{"allow":["GET"]}}],"collection":[{"href":"https:\/\/www.sorege.fr\/index.php?rest_route=\/wp\/v2\/pages"}],"about":[{"href":"https:\/\/www.sorege.fr\/index.php?rest_route=\/wp\/v2\/types\/page"}],"author":[{"embeddable":true,"href":"https:\/\/www.sorege.fr\/index.php?rest_route=\/wp\/v2\/users\/2"}],"replies":[{"embeddable":true,"href":"https:\/\/www.sorege.fr\/index.php?rest_route=%2Fwp%2Fv2%2Fcomments&post=454"}],"version-history":[{"count":1,"href":"https:\/\/www.sorege.fr\/index.php?rest_route=\/wp\/v2\/pages\/454\/revisions"}],"predecessor-version":[{"id":455,"href":"https:\/\/www.sorege.fr\/index.php?rest_route=\/wp\/v2\/pages\/454\/revisions\/455"}],"up":[{"embeddable":true,"href":"https:\/\/www.sorege.fr\/index.php?rest_route=\/wp\/v2\/pages\/27"}],"wp:attachment":[{"href":"https:\/\/www.sorege.fr\/index.php?rest_route=%2Fwp%2Fv2%2Fmedia&parent=454"}],"curies":[{"name":"wp","href":"https:\/\/api.w.org\/{rel}","templated":true}]}}