{"id":400,"date":"2014-06-19T11:48:28","date_gmt":"2014-06-19T10:48:28","guid":{"rendered":"http:\/\/www.sorege.fr\/?page_id=400"},"modified":"2020-04-03T13:50:05","modified_gmt":"2020-04-03T12:50:05","slug":"hopital-de-beauvais","status":"publish","type":"page","link":"https:\/\/www.sorege.fr\/?page_id=400","title":{"rendered":"H\u00f4pital de Beauvais"},"content":{"rendered":"<p>A l&rsquo;occasion de la semaine \u00ab\u00a0Bien-\u00eatre au travail\u00a0\u00bb, du 16 au 20 juin 2014, j&rsquo;interviens avec trois coll\u00e8gues sophrologues aupr\u00e8s du personnel de l&rsquo;h\u00f4pital de Beauvais.<\/p>\n<p>L&rsquo;objectif : d\u00e9couvrir et vivre des techniques de respiration et de relaxation.<\/p>\n","protected":false},"excerpt":{"rendered":"<p>A l&rsquo;occasion de la semaine \u00ab\u00a0Bien-\u00eatre au travail\u00a0\u00bb, du 16 au 20 juin 2014, j&rsquo;interviens avec trois coll\u00e8gues sophrologues aupr\u00e8s du personnel de l&rsquo;h\u00f4pital de Beauvais. L&rsquo;objectif : d\u00e9couvrir et vivre des techniques de respiration et de relaxation.<\/p>\n","protected":false},"author":2,"featured_media":0,"parent":27,"menu_order":7,"comment_status":"closed","ping_status":"closed","template":"","meta":{"footnotes":""},"class_list":["post-400","page","type-page","status-publish","hentry"],"aioseo_notices":[],"_links":{"self":[{"href":"https:\/\/www.sorege.fr\/index.php?rest_route=\/wp\/v2\/pages\/400","targetHints":{"allow":["GET"]}}],"collection":[{"href":"https:\/\/www.sorege.fr\/index.php?rest_route=\/wp\/v2\/pages"}],"about":[{"href":"https:\/\/www.sorege.fr\/index.php?rest_route=\/wp\/v2\/types\/page"}],"author":[{"embeddable":true,"href":"https:\/\/www.sorege.fr\/index.php?rest_route=\/wp\/v2\/users\/2"}],"replies":[{"embeddable":true,"href":"https:\/\/www.sorege.fr\/index.php?rest_route=%2Fwp%2Fv2%2Fcomments&post=400"}],"version-history":[{"count":3,"href":"https:\/\/www.sorege.fr\/index.php?rest_route=\/wp\/v2\/pages\/400\/revisions"}],"predecessor-version":[{"id":403,"href":"https:\/\/www.sorege.fr\/index.php?rest_route=\/wp\/v2\/pages\/400\/revisions\/403"}],"up":[{"embeddable":true,"href":"https:\/\/www.sorege.fr\/index.php?rest_route=\/wp\/v2\/pages\/27"}],"wp:attachment":[{"href":"https:\/\/www.sorege.fr\/index.php?rest_route=%2Fwp%2Fv2%2Fmedia&parent=400"}],"curies":[{"name":"wp","href":"https:\/\/api.w.org\/{rel}","templated":true}]}}