{"id":40,"date":"2013-08-13T05:29:21","date_gmt":"2013-08-13T04:29:21","guid":{"rendered":"http:\/\/cluster015.ovh.net\/~sorege\/?page_id=40"},"modified":"2022-09-06T10:26:09","modified_gmt":"2022-09-06T09:26:09","slug":"collectives","status":"publish","type":"page","link":"https:\/\/www.sorege.fr\/?page_id=40","title":{"rendered":"Collectives"},"content":{"rendered":"<p style=\"text-align: justify;\"><span style=\"color: #0000ff;\"><strong>S\u00e9ances collective &#8211; Adultes<\/strong><\/span><br \/>\nD&rsquo;une dur\u00e9e d&rsquo;une heure 15 environ, les s\u00e9ances groupes accueillent de 4 \u00e0 6 personnes. Une intervention br\u00e8ve (non obligatoire) de chaque participant sur ses ressentis avant la s\u00e9ance, des explications sur certains questionnements, une s\u00e9quence ax\u00e9e sur diff\u00e9rents th\u00e8mes (stress &#8211; sommeil &#8211; m\u00e9moire&#8230;) et un petit bilan de chacun sur le v\u00e9cu de la s\u00e9ance. Une activit\u00e9 bienfaisante qui r\u00e9\u00e9quilibre les plans physiques, psychiques et \u00e9motionnels.\u200b<\/p>\n<p style=\"text-align: justify;\"><em><strong>Ann\u00e9e 2021 &#8211; 2022,\u00a0 4 \u00e0 5 s\u00e9ances par trimestre le\u200b lundi\u00a0 de 10h\u00a0 \u00e0 11h\u00a0 ou mercredi de 18h \u00e0 19h .<br \/>\n<\/strong><\/em><\/p>\n<p>Engagement pour l&rsquo;ensemble des dates propos\u00e9es dans chaque trimestre.<\/p>\n<p style=\"text-align: justify;\"><a title=\"Tarifs\" href=\"http:\/\/www.sorege.fr\/?page_id=23\">Tarifs<\/a> :<br \/>\nS\u00e9ance groupe ponctuelle si non adh\u00e9sion au trimestre : 25\u20ac<br \/>\nS\u00e9ance avec engagement : tarif unitaire 20 \u20ac<\/p>\n<p><a title=\"Les enfants et les adolescents\" href=\"http:\/\/www.sorege.fr\/?page_id=34\">Retour page enfants<\/a><\/p>\n<p><a title=\"Individuelles\" href=\"http:\/\/www.sorege.fr\/?page_id=38\">S\u00e9ances individuelles<\/a><br \/>\n<a title=\"Ateliers Conseils \u2013 Accompagnement\" href=\"http:\/\/www.sorege.fr\/?page_id=42\">Conseils &#8211; Accompagnement<\/a><\/p>\n","protected":false},"excerpt":{"rendered":"<p>S\u00e9ances collective &#8211; Adultes D&rsquo;une dur\u00e9e d&rsquo;une heure 15 environ, les s\u00e9ances groupes accueillent de 4 \u00e0 6 personnes. Une intervention br\u00e8ve (non obligatoire) de chaque participant sur ses ressentis avant la s\u00e9ance, des explications sur certains questionnements, une s\u00e9quence &hellip; <a href=\"https:\/\/www.sorege.fr\/?page_id=40\">Continuer la lecture <span class=\"meta-nav\">&rarr;<\/span><\/a><\/p>\n","protected":false},"author":2,"featured_media":0,"parent":17,"menu_order":2,"comment_status":"closed","ping_status":"closed","template":"","meta":{"footnotes":""},"class_list":["post-40","page","type-page","status-publish","hentry"],"aioseo_notices":[],"_links":{"self":[{"href":"https:\/\/www.sorege.fr\/index.php?rest_route=\/wp\/v2\/pages\/40","targetHints":{"allow":["GET"]}}],"collection":[{"href":"https:\/\/www.sorege.fr\/index.php?rest_route=\/wp\/v2\/pages"}],"about":[{"href":"https:\/\/www.sorege.fr\/index.php?rest_route=\/wp\/v2\/types\/page"}],"author":[{"embeddable":true,"href":"https:\/\/www.sorege.fr\/index.php?rest_route=\/wp\/v2\/users\/2"}],"replies":[{"embeddable":true,"href":"https:\/\/www.sorege.fr\/index.php?rest_route=%2Fwp%2Fv2%2Fcomments&post=40"}],"version-history":[{"count":21,"href":"https:\/\/www.sorege.fr\/index.php?rest_route=\/wp\/v2\/pages\/40\/revisions"}],"predecessor-version":[{"id":969,"href":"https:\/\/www.sorege.fr\/index.php?rest_route=\/wp\/v2\/pages\/40\/revisions\/969"}],"up":[{"embeddable":true,"href":"https:\/\/www.sorege.fr\/index.php?rest_route=\/wp\/v2\/pages\/17"}],"wp:attachment":[{"href":"https:\/\/www.sorege.fr\/index.php?rest_route=%2Fwp%2Fv2%2Fmedia&parent=40"}],"curies":[{"name":"wp","href":"https:\/\/api.w.org\/{rel}","templated":true}]}}