{"id":38,"date":"2013-08-13T05:26:37","date_gmt":"2013-08-13T04:26:37","guid":{"rendered":"http:\/\/cluster015.ovh.net\/~sorege\/?page_id=38"},"modified":"2023-08-18T13:46:43","modified_gmt":"2023-08-18T12:46:43","slug":"individuelles","status":"publish","type":"page","link":"https:\/\/www.sorege.fr\/?page_id=38","title":{"rendered":"Individuelles"},"content":{"rendered":"<p>Mon accompagnement comprend l&rsquo;ensemble des outils abord\u00e9s au cours des multiples formations effectu\u00e9es. Celui-ci est complet et nous visitons ainsi en profondeur et de mani\u00e8re tr\u00e8s large la demande du client.<br \/>\nNon seulement,<strong> le client a des techniques en sophrologie<\/strong> (qu&rsquo;il peut enregistrer pour les revivre) afin d&rsquo;aller vers un <strong>retour \u00e0 l&rsquo;\u00e9quilibre<\/strong> mais il va vers une <strong>conduite de changement avec le coaching<\/strong> en apprenant \u00e0 se repositionner, en identifiant les m\u00e9canismes emp\u00eachant ce changement, en reconsid\u00e9rant les choses sous un nouvel angle pour s&rsquo;y diriger ensuite. Mon but : accompagner le client \u00e0 tracer avec fluidit\u00e9 son chemin&#8230;<\/p>\n<p style=\"text-align: justify;\"><span style=\"text-decoration: underline;\"><strong>S\u00e9ances individuelles\u00a0 &#8211; Enfants<\/strong><\/span><br \/>\nLa s\u00e9ance dure entre 45 minutes et 1 heure\u00a0 et est factur\u00e9e 60 \u20ac (\u00e0 partir du 1er septembre 2023).<\/p>\n<p><span style=\"text-decoration: underline;\"><strong>S\u00e9ances individuelles &#8211; Adultes<br \/>\n<\/strong><\/span>La s\u00e9ance dure entre 1h et 1h15 et est factur\u00e9e 70 \u20ac.<\/p>\n<p>Sur RV du lundi au samedi (matin)<strong><br \/>\n<\/strong><\/p>\n<p><a title=\"Collectives\" href=\"http:\/\/www.sorege.fr\/?page_id=40\">S\u00e9ances collectives<\/a><br \/>\n<a title=\"Ateliers Conseils \u2013 Accompagnement\" href=\"http:\/\/www.sorege.fr\/?page_id=42\">Conseils &#8211; Accompagnement<\/a><\/p>\n","protected":false},"excerpt":{"rendered":"<p>Mon accompagnement comprend l&rsquo;ensemble des outils abord\u00e9s au cours des multiples formations effectu\u00e9es. Celui-ci est complet et nous visitons ainsi en profondeur et de mani\u00e8re tr\u00e8s large la demande du client. Non seulement, le client a des techniques en sophrologie &hellip; <a href=\"https:\/\/www.sorege.fr\/?page_id=38\">Continuer la lecture <span class=\"meta-nav\">&rarr;<\/span><\/a><\/p>\n","protected":false},"author":2,"featured_media":0,"parent":17,"menu_order":1,"comment_status":"closed","ping_status":"closed","template":"","meta":{"footnotes":""},"class_list":["post-38","page","type-page","status-publish","hentry"],"aioseo_notices":[],"_links":{"self":[{"href":"https:\/\/www.sorege.fr\/index.php?rest_route=\/wp\/v2\/pages\/38","targetHints":{"allow":["GET"]}}],"collection":[{"href":"https:\/\/www.sorege.fr\/index.php?rest_route=\/wp\/v2\/pages"}],"about":[{"href":"https:\/\/www.sorege.fr\/index.php?rest_route=\/wp\/v2\/types\/page"}],"author":[{"embeddable":true,"href":"https:\/\/www.sorege.fr\/index.php?rest_route=\/wp\/v2\/users\/2"}],"replies":[{"embeddable":true,"href":"https:\/\/www.sorege.fr\/index.php?rest_route=%2Fwp%2Fv2%2Fcomments&post=38"}],"version-history":[{"count":16,"href":"https:\/\/www.sorege.fr\/index.php?rest_route=\/wp\/v2\/pages\/38\/revisions"}],"predecessor-version":[{"id":1015,"href":"https:\/\/www.sorege.fr\/index.php?rest_route=\/wp\/v2\/pages\/38\/revisions\/1015"}],"up":[{"embeddable":true,"href":"https:\/\/www.sorege.fr\/index.php?rest_route=\/wp\/v2\/pages\/17"}],"wp:attachment":[{"href":"https:\/\/www.sorege.fr\/index.php?rest_route=%2Fwp%2Fv2%2Fmedia&parent=38"}],"curies":[{"name":"wp","href":"https:\/\/api.w.org\/{rel}","templated":true}]}}