{"id":34,"date":"2013-08-13T05:24:11","date_gmt":"2013-08-13T04:24:11","guid":{"rendered":"http:\/\/cluster015.ovh.net\/~sorege\/?page_id=34"},"modified":"2020-04-16T13:02:00","modified_gmt":"2020-04-16T12:02:00","slug":"les-enfants-et-les-adolescents","status":"publish","type":"page","link":"https:\/\/www.sorege.fr\/?page_id=34","title":{"rendered":"Les enfants et les adolescents"},"content":{"rendered":"<p style=\"text-align: justify;\">La sophrologie aide l&rsquo;enfant et l&rsquo;adolescent dans son d\u00e9veloppement global : moteur, affectif, intellectuel, social gr\u00e2ce \u00e0 la ma\u00eetrise de son corps, ses gestes et mouvements, ses sens, ses fonctions physiologiques et mentales. Elle lui apporte une meilleure ma\u00eetrise de son environnement et de la place qu&rsquo;il y occupe, une harmonie dans ses rapports humains.<br \/>\nL&rsquo;accompagnement est adapt\u00e9 \u00e0 chaque \u00e2ge. Elle se fait g\u00e9n\u00e9ralement par le jeu aupr\u00e8s des enfants en s\u00e9ances collectives ou individuelles pour le traitement de sympt\u00f4mes plus sp\u00e9cifiques.<\/p>\n<p style=\"text-align: justify;\"><strong>Outils utilis\u00e9s :<\/strong><\/p>\n<p style=\"text-align: justify;\"><strong>LA RELAXATION<\/strong><br \/>\nEfficace et indiqu\u00e9e dans les probl\u00e8mes de stress, de mal \u00eatre, de difficult\u00e9s \u00e0 trouver ses rep\u00e8res, ma\u00eetriser ses \u00e9motions, g\u00e9rer sa violence&#8230;, probl\u00e8mes provoquant souvent des troubles (migraines, insomnies, maux de ventre entre autre), retards scolaires, probl\u00e8mes de communication.<\/p>\n<p style=\"text-align: justify;\">C&rsquo;est aussi, et avant tout, un art de vivre, un moment o\u00f9 l&rsquo;on prend soin de soi&#8230;<\/p>\n<p style=\"text-align: justify;\"><strong>LA SOPHROLOGIE<\/strong><br \/>\nLes exercices corporels, les visualisations, les respirations permettent \u00e0 l&rsquo;enfant de se ressourcer, de prendre place dans son environnement, d\u00e9velopper ses apprentissages (concentration et m\u00e9morisation), d\u00e9velopper sa confiance en lui.<\/p>\n<p style=\"text-align: justify;\"><strong>LA COMMUNICATION NON VIOLENTE<\/strong><\/p>\n<p style=\"text-align: justify;\">Il est apport\u00e9, tout au long des rencontres avec les enfants et adolescents, des conseils, des aides pour g\u00e9n\u00e9rer des \u00e9changes harmonieux, m\u00eame s&rsquo;il s&rsquo;agit d&rsquo;exprimer un ressentiment n\u00e9gatif.<\/p>\n<p style=\"text-align: justify;\">\n<p style=\"text-align: center;\">\n<p style=\"text-align: justify;\"><a title=\"Les adultes\" href=\"http:\/\/www.sorege.fr\/?page_id=36\">Les adultes<\/a><\/p>\n","protected":false},"excerpt":{"rendered":"<p>La sophrologie aide l&rsquo;enfant et l&rsquo;adolescent dans son d\u00e9veloppement global : moteur, affectif, intellectuel, social gr\u00e2ce \u00e0 la ma\u00eetrise de son corps, ses gestes et mouvements, ses sens, ses fonctions physiologiques et mentales. Elle lui apporte une meilleure ma\u00eetrise de &hellip; <a href=\"https:\/\/www.sorege.fr\/?page_id=34\">Continuer la lecture <span class=\"meta-nav\">&rarr;<\/span><\/a><\/p>\n","protected":false},"author":2,"featured_media":0,"parent":15,"menu_order":1,"comment_status":"closed","ping_status":"closed","template":"","meta":{"footnotes":""},"class_list":["post-34","page","type-page","status-publish","hentry"],"aioseo_notices":[],"_links":{"self":[{"href":"https:\/\/www.sorege.fr\/index.php?rest_route=\/wp\/v2\/pages\/34","targetHints":{"allow":["GET"]}}],"collection":[{"href":"https:\/\/www.sorege.fr\/index.php?rest_route=\/wp\/v2\/pages"}],"about":[{"href":"https:\/\/www.sorege.fr\/index.php?rest_route=\/wp\/v2\/types\/page"}],"author":[{"embeddable":true,"href":"https:\/\/www.sorege.fr\/index.php?rest_route=\/wp\/v2\/users\/2"}],"replies":[{"embeddable":true,"href":"https:\/\/www.sorege.fr\/index.php?rest_route=%2Fwp%2Fv2%2Fcomments&post=34"}],"version-history":[{"count":29,"href":"https:\/\/www.sorege.fr\/index.php?rest_route=\/wp\/v2\/pages\/34\/revisions"}],"predecessor-version":[{"id":900,"href":"https:\/\/www.sorege.fr\/index.php?rest_route=\/wp\/v2\/pages\/34\/revisions\/900"}],"up":[{"embeddable":true,"href":"https:\/\/www.sorege.fr\/index.php?rest_route=\/wp\/v2\/pages\/15"}],"wp:attachment":[{"href":"https:\/\/www.sorege.fr\/index.php?rest_route=%2Fwp%2Fv2%2Fmedia&parent=34"}],"curies":[{"name":"wp","href":"https:\/\/api.w.org\/{rel}","templated":true}]}}