{"id":335,"date":"2014-02-27T20:32:07","date_gmt":"2014-02-27T19:32:07","guid":{"rendered":"http:\/\/www.sorege.fr\/?page_id=335"},"modified":"2020-04-03T13:49:57","modified_gmt":"2020-04-03T12:49:57","slug":"linstitut-de-formation-aux-fonctions-deducateur-irffe","status":"publish","type":"page","link":"https:\/\/www.sorege.fr\/?page_id=335","title":{"rendered":"L&rsquo;Institut de Formation aux Fonctions d&rsquo;Educateur &#8211; IRFFE"},"content":{"rendered":"<p><strong>Mars 2016 &#8211; Formation Moniteur \u00c9ducateur &#8211; <a href=\"http:\/\/www.irffe.fr\">IRFFE<\/a> Amiens &#8211; \u00ab\u00a0Soigner le soin \u00e0 soi et \u00e0 l&rsquo;autre avec bienveillance avec la sophrologie, la relaxation, des outils de d\u00e9veloppement personnel et de sophro-ludique\u00a0\u00bb<\/strong><\/p>\n<p>A nouveau, cette ann\u00e9e, je partage 30 heures d&rsquo;accompagnement, de conseils, de pratique avec de futurs moniteurs \u00e9ducateurs, pour permettre d&rsquo;exp\u00e9rimenter et de s&rsquo;approprier divers outils d&rsquo;\u00e9volution personnelle et pouvoir les utiliser en m\u00e9diation aupr\u00e8s des publics qu&rsquo;ils rencontreront dans leurs professions. Un r\u00e9el plaisir de vivre ces intenses moments&#8230;<\/p>\n<p><strong>Mai&nbsp; 2015 &#8211; Formation Moniteur \u00c9ducateur &#8211; <a href=\"http:\/\/www.irffe.fr\">IRFFE<\/a> Amiens &#8211; \u00ab\u00a0Pr\u00e9paration sereine aux examens\u00a0\u00bb<\/strong><\/p>\n<p>15 heures d&rsquo;accompagnement, de conseils, de pratique aupr\u00e8s de futurs moniteurs \u00e9ducateurs, pour exp\u00e9rimenter les outils de la sophrologie, de la relaxation, de la sophrologie ludique pour aborder sereinement une situation \u00e0 fort enjeu : les examens.<\/p>\n<p><strong>Mars &#8211; Avril 2015 &#8211; Formation Moniteur \u00c9ducateur &#8211; <a href=\"http:\/\/www.irffe.fr\">IRFFE<\/a> Amiens &#8211; \u00ab\u00a0Soigner le soin \u00e0 soi et \u00e0 l&rsquo;autre avec bienveillance avec la sophrologie, la relaxation, des outils de d\u00e9veloppement personnel et de sophro-ludique\u00a0\u00bb<\/strong><\/p>\n<p>30 heures d&rsquo;accompagnement, de conseils, de pratique aupr\u00e8s de futurs moniteurs \u00e9ducateurs, pour exp\u00e9rimenter et s&rsquo;approprier divers outils d&rsquo;\u00e9volution personnelle et pouvoir les utiliser en m\u00e9diation aupr\u00e8s des publics qu&rsquo;ils rencontreront dans leurs professions.<\/p>\n<p><strong>Mai&nbsp; 2014 &#8211; Formation Moniteur \u00c9ducateur &#8211; <a href=\"http:\/\/www.irffe.fr\">IRFFE<\/a> Amiens &#8211; \u00ab\u00a0Pr\u00e9paration sereine aux examens\u00a0\u00bb<\/strong><\/p>\n<p>15 heures d&rsquo;accompagnement, de conseils, de pratique aupr\u00e8s de futurs moniteurs \u00e9ducateurs, pour exp\u00e9rimenter les outils de la sophrologie, de la relaxation, de la sophrologie ludique pour aborder sereinement une situation \u00e0 fort enjeu : les examens.<\/p>\n<p><strong>Mars &#8211; Avril 2014 &#8211; Formation Moniteur \u00c9ducateur &#8211; <a href=\"http:\/\/www.irffe.fr\">IRFFE<\/a> Amiens &#8211; \u00ab\u00a0Sophrologie, Relaxation comme outil d&rsquo;\u00e9volution personnelle et de m\u00e9diation\u00a0\u00bb<\/strong><\/p>\n<p>30 heures d&rsquo;accompagnement, de conseils, de pratique aupr\u00e8s de futurs moniteurs \u00e9ducateurs, pour exp\u00e9rimenter les outils de la sophrologie, de la relaxation, de la sophrologie ludique et pouvoir les utiliser en m\u00e9diation aupr\u00e8s des publics qu&rsquo;ils rencontreront dans leurs professions.<\/p>\n<p><strong>F\u00e9vrier 2014 &#8211; Formation \u00c9ducateur Sp\u00e9cialis\u00e9 &#8211;<a href=\"http:\/\/www.irffe.fr\"> IRFFE<\/a> Beauvais<\/strong><\/p>\n<p>21 heures d&rsquo;accompagnement, de conseils, de pratique aupr\u00e8s de futurs \u00e9ducateurs sp\u00e9cialis\u00e9s, pour exp\u00e9rimenter les outils de la sophrologie, de la relaxation et pouvoir les utiliser en m\u00e9diation aupr\u00e8s des publics qu&rsquo;ils rencontreront dans leurs professions.<\/p>\n<p>&nbsp;<\/p>\n","protected":false},"excerpt":{"rendered":"<p>Mars 2016 &#8211; Formation Moniteur \u00c9ducateur &#8211; IRFFE Amiens &#8211; \u00ab\u00a0Soigner le soin \u00e0 soi et \u00e0 l&rsquo;autre avec bienveillance avec la sophrologie, la relaxation, des outils de d\u00e9veloppement personnel et de sophro-ludique\u00a0\u00bb A nouveau, cette ann\u00e9e, je partage 30 &hellip; <a href=\"https:\/\/www.sorege.fr\/?page_id=335\">Continuer la lecture <span class=\"meta-nav\">&rarr;<\/span><\/a><\/p>\n","protected":false},"author":2,"featured_media":0,"parent":27,"menu_order":6,"comment_status":"closed","ping_status":"closed","template":"","meta":{"footnotes":""},"class_list":["post-335","page","type-page","status-publish","hentry"],"aioseo_notices":[],"_links":{"self":[{"href":"https:\/\/www.sorege.fr\/index.php?rest_route=\/wp\/v2\/pages\/335","targetHints":{"allow":["GET"]}}],"collection":[{"href":"https:\/\/www.sorege.fr\/index.php?rest_route=\/wp\/v2\/pages"}],"about":[{"href":"https:\/\/www.sorege.fr\/index.php?rest_route=\/wp\/v2\/types\/page"}],"author":[{"embeddable":true,"href":"https:\/\/www.sorege.fr\/index.php?rest_route=\/wp\/v2\/users\/2"}],"replies":[{"embeddable":true,"href":"https:\/\/www.sorege.fr\/index.php?rest_route=%2Fwp%2Fv2%2Fcomments&post=335"}],"version-history":[{"count":8,"href":"https:\/\/www.sorege.fr\/index.php?rest_route=\/wp\/v2\/pages\/335\/revisions"}],"predecessor-version":[{"id":813,"href":"https:\/\/www.sorege.fr\/index.php?rest_route=\/wp\/v2\/pages\/335\/revisions\/813"}],"up":[{"embeddable":true,"href":"https:\/\/www.sorege.fr\/index.php?rest_route=\/wp\/v2\/pages\/27"}],"wp:attachment":[{"href":"https:\/\/www.sorege.fr\/index.php?rest_route=%2Fwp%2Fv2%2Fmedia&parent=335"}],"curies":[{"name":"wp","href":"https:\/\/api.w.org\/{rel}","templated":true}]}}