{"id":31,"date":"2013-08-13T05:22:16","date_gmt":"2013-08-13T04:22:16","guid":{"rendered":"http:\/\/cluster015.ovh.net\/~sorege\/?page_id=31"},"modified":"2021-02-07T18:30:26","modified_gmt":"2021-02-07T17:30:26","slug":"les-champs-dapplication","status":"publish","type":"page","link":"https:\/\/www.sorege.fr\/?page_id=31","title":{"rendered":"Les champs d&rsquo;application"},"content":{"rendered":"<p style=\"text-align: justify;\">Les champs d&rsquo;applications de la sophrologie et du coaching* sont vastes. Trois grands domaines d&rsquo;intervention existent, tant pour l&rsquo;enfant, l&rsquo;adolescent que pour l&rsquo;adulte :<\/p>\n<p style=\"text-align: justify;\">&#8211;\u00a0 <strong>am\u00e9liorer les \u00e9tats physique, \u00e9motionnel et mental<\/strong> : troubles du sommeil, hypertension, vertiges, acouph\u00e8nes, hyper-acousie&#8230;, migraines, contractures et douleurs&#8230;, asthme, troubles en p\u00e9diatrie (\u00e9nur\u00e9sie, sommeil&#8230;), en canc\u00e9rologie (accompagnement des traitements et renforcement des d\u00e9fenses), probl\u00e8mes li\u00e9s \u00e0 la sexualit\u00e9 &#8230;\u200b<\/p>\n<p style=\"text-align: justify;\">&#8211; <strong>aller vers plus de ma\u00eetrise de soi, plus de confiance en soi<\/strong> : gestion du stress, d\u00e9couverte et conqu\u00eate de nouvelles valeurs, de potentiels personnels, am\u00e9lioration de la m\u00e9moire, de la concentration&#8230;.<\/p>\n<p style=\"text-align: justify;\">&#8211; <strong>se pr\u00e9parer aux changements<\/strong> : pr\u00e9parations aux examens et concours, aux examens m\u00e9dicaux et douloureux, \u00e0 la parentalit\u00e9 (ne se substitue pas \u00e0 l&rsquo;intervention des sages-femmes), aux interventions chirurgicales, \u00e0 la mort, \u00e0 l&rsquo;apprentissage, aux comp\u00e9titions sportives, am\u00e9lioration des capacit\u00e9s artistiques, de la cr\u00e9ativit\u00e9&#8230;<\/p>\n<p>\u200b<\/p>\n<p>\u200b*La sophrologie et le coaching peuvent accompagner un suivi psychologique et\/ou m\u00e9dical.<\/p>\n","protected":false},"excerpt":{"rendered":"<p>Les champs d&rsquo;applications de la sophrologie et du coaching* sont vastes. Trois grands domaines d&rsquo;intervention existent, tant pour l&rsquo;enfant, l&rsquo;adolescent que pour l&rsquo;adulte : &#8211;\u00a0 am\u00e9liorer les \u00e9tats physique, \u00e9motionnel et mental : troubles du sommeil, hypertension, vertiges, acouph\u00e8nes, hyper-acousie&#8230;, &hellip; <a href=\"https:\/\/www.sorege.fr\/?page_id=31\">Continuer la lecture <span class=\"meta-nav\">&rarr;<\/span><\/a><\/p>\n","protected":false},"author":2,"featured_media":0,"parent":13,"menu_order":3,"comment_status":"closed","ping_status":"closed","template":"","meta":{"footnotes":""},"class_list":["post-31","page","type-page","status-publish","hentry"],"aioseo_notices":[],"_links":{"self":[{"href":"https:\/\/www.sorege.fr\/index.php?rest_route=\/wp\/v2\/pages\/31","targetHints":{"allow":["GET"]}}],"collection":[{"href":"https:\/\/www.sorege.fr\/index.php?rest_route=\/wp\/v2\/pages"}],"about":[{"href":"https:\/\/www.sorege.fr\/index.php?rest_route=\/wp\/v2\/types\/page"}],"author":[{"embeddable":true,"href":"https:\/\/www.sorege.fr\/index.php?rest_route=\/wp\/v2\/users\/2"}],"replies":[{"embeddable":true,"href":"https:\/\/www.sorege.fr\/index.php?rest_route=%2Fwp%2Fv2%2Fcomments&post=31"}],"version-history":[{"count":14,"href":"https:\/\/www.sorege.fr\/index.php?rest_route=\/wp\/v2\/pages\/31\/revisions"}],"predecessor-version":[{"id":903,"href":"https:\/\/www.sorege.fr\/index.php?rest_route=\/wp\/v2\/pages\/31\/revisions\/903"}],"up":[{"embeddable":true,"href":"https:\/\/www.sorege.fr\/index.php?rest_route=\/wp\/v2\/pages\/13"}],"wp:attachment":[{"href":"https:\/\/www.sorege.fr\/index.php?rest_route=%2Fwp%2Fv2%2Fmedia&parent=31"}],"curies":[{"name":"wp","href":"https:\/\/api.w.org\/{rel}","templated":true}]}}