{"id":272,"date":"2013-11-22T17:49:33","date_gmt":"2013-11-22T16:49:33","guid":{"rendered":"http:\/\/www.sorege.fr\/?page_id=272"},"modified":"2020-04-03T13:49:49","modified_gmt":"2020-04-03T12:49:49","slug":"le-c-c-a-s-de-beauvais","status":"publish","type":"page","link":"https:\/\/www.sorege.fr\/?page_id=272","title":{"rendered":"La Mairie de Beauvais"},"content":{"rendered":"<p>&nbsp;<\/p>\n<p><strong>Ateliers \u00ab\u00a0Au fil des \u00e9motions\u00a0\u00bb &#8211; f\u00e9vrier et avril 2016<\/strong><\/p>\n<p class=\"western\" align=\"left\">Les petits, de 3 ans \u00e0 6 ans apprennent \u00e0 accueillir leurs \u00e9motions, \u00e0 les reconna\u00eetre pour mieux se conna\u00eetre eux-m\u00eames et \u00e0 les transformer en richesse par les outils de la sophrologie.<br \/>\nLes parents ne sont pas oubli\u00e9s puisqu&rsquo;une journ\u00e9e leur est d\u00e9di\u00e9e et une seconde avec leurs enfants pour se rencontrer autrement&#8230;<\/p>\n<p><strong>La Bulle, Maison des familles &#8211; Beauvais &#8211; \u00ab\u00a0Bulle d&rsquo;\u00e9motions\u00a0\u00bb &#8211; D\u00e9cembre 2015<br \/>\n<\/strong><\/p>\n<p>Comment se comprendre au travers de nos \u00e9motions ?<br \/>\nJouons nos \u00e9motions et essayons ensemble de trouver des solutions pour essayer de se comprendre, d&rsquo;\u00e9changer&#8230;<\/p>\n<p>&nbsp;<\/p>\n<p><strong>Atelier \u00ab\u00a0Estime de soi &#8211; Cool dans mon corps\u00a0\u00bb -du 21 au 23 octobre 2015<br \/>\n<\/strong><\/p>\n<p>Trois jours entiers pour appr\u00e9hender ses \u00e9motions, d\u00e9couvrir sa corporalit\u00e9, prendre conscience de ses qualit\u00e9s et capacit\u00e9s au travers des diff\u00e9rents m\u00e9dians : mouvements &#8211; relaxation &#8211; imagination &#8211; arts plastiques : modelage, dessin, peinture.Atelier anim\u00e9 par France MACKOWSKI, Art th\u00e9rapeute et moi-m\u00eame, Nathalie DEVEY, Sophrologue.<\/p>\n<p><strong>Atelier \u00ab\u00a0Estime de soi &#8211; Cool dans mon corps\u00a0\u00bb &#8211; du 7 au 9 juillet 2015<br \/>\n<\/strong><\/p>\n<p>France et moi renouvelons ces trois jours entiers pour appr\u00e9hender ses \u00e9motions, d\u00e9couvrir sa corporalit\u00e9, prendre conscience de ses qualit\u00e9s et capacit\u00e9s au travers des diff\u00e9rents m\u00e9dians : mouvements &#8211; relaxation &#8211; imagination &#8211; arts plastiques : modelage, dessin, peinture.Atelier anim\u00e9 par France MACKOWSKI, Art th\u00e9rapeute et moi-m\u00eame, Nathalie DEVEY, Sophrologue.<\/p>\n<p><strong>Atelier \u00ab\u00a0Estime de soi &#8211; Cool dans mon corps\u00a0\u00bb &#8211; du 20 au 23 avril 2015<br \/>\n<\/strong><\/p>\n<p>Trois jours entiers pour appr\u00e9hender ses \u00e9motions, d\u00e9couvrir sa corporalit\u00e9, prendre conscience de ses qualit\u00e9s et capacit\u00e9s au travers des diff\u00e9rents m\u00e9dians : mouvements &#8211; relaxation &#8211; imagination &#8211; arts plastiques : modelage, dessin, peinture.Atelier anim\u00e9 par France MACKOWSKI, Art th\u00e9rapeute et moi-m\u00eame, Nathalie DEVEY, Sophrologue.<\/p>\n<p><strong>Atelier \u00ab\u00a0Attention, je me concentre en m&rsquo;amusant\u00a0\u00bb du 23 au 26 f\u00e9vrier 2015 et du 27 au 29 avril 2015<br \/>\n<\/strong><\/p>\n<p><em>Les 3 &#8211; 6 ans ont<\/em> aussi besoin d&rsquo;\u00e9voluer dans des phases d&rsquo;expulsion des tensions et de mise au calme&#8230; Alors, nous jouons pour nous d\u00e9tendre, nous mettre au calme apr\u00e8s avoir d\u00e9gag\u00e9 les tensions&#8230; Des jeux multiples pour mieux se rencontrer et mieux rencontrer l&rsquo;autre.<\/p>\n<p><strong><br \/>\nLes rythmes scolaires &#8211; octobre &#8211; novembre &#8211; d\u00e9cembre 2014<\/strong><\/p>\n<p>Six semaines au sein de deux centres d&rsquo;accueil des enfants issus d&rsquo;\u00e9coles primaires de Beauvais pour apporter des outils aux animateurs : respiration, d\u00e9couverte corporelle, expulsion des tensions, mise en place du calme, relaxation&#8230; Permettre aux enfants de mieux vivre leurs temps de pause, aux animateurs d&rsquo;avoir plus d&rsquo;outils, aux professeurs des \u00e9coles d&rsquo;appr\u00e9hender le groupe plus facilement gr\u00e2ce \u00e0 l&rsquo;expulsion des tensions et \u00e0 la mise au calme pendant cette pause&#8230; Objectifs multiples pour cheminer dans le m\u00eame sens&#8230;<\/p>\n<p>&nbsp;<\/p>\n<p><strong>Atelier \u00ab\u00a0Estime de soi &#8211; Cool dans mon corps\u00a0\u00bb &#8211; du 22 au 24 d\u00e9cembre 2014<\/strong><\/p>\n<p>Trois jours entiers pour appr\u00e9hender ses \u00e9motions, d\u00e9couvrir sa corporalit\u00e9, prendre conscience de ses qualit\u00e9s et capacit\u00e9s au travers des diff\u00e9rents m\u00e9dians : mouvements &#8211; relaxation &#8211; imagination &#8211; arts plastiques : modelage, dessin, peinture.Atelier anim\u00e9 par France MACKOWSKI, Art th\u00e9rapeute et moi-m\u00eame, Sophrologue.<\/p>\n<p><strong>Journ\u00e9e \u00ab\u00a0Pr\u00e9vention et lutte contre le diab\u00e8te\u00a0\u00bb &#8211; 14 novembre 2014<br \/>\n<\/strong><\/p>\n<p>Exp\u00e9rimenter la respiration, d\u00e9couvrir la relaxation pour att\u00e9nuer les pics d&rsquo;adr\u00e9naline responsables d&rsquo;une hausse de glyc\u00e9mie&#8230; Ce vendredi 14 novembre 2014, \u00e0 la Mairie.<\/p>\n<p><strong>Semaine \u00ab\u00a0Attention et concentration\u00a0\u00bb &#8211; 20 au 24 octobre 2014<\/strong><\/p>\n<p>Une semaine autour d&rsquo;outils de sophrologie, relaxation, de jeux visuels, auditifs, sensitifs pour apprendre \u00e0 observer, \u00e9couter, se concentrer. Enfants de 7 \u00e0 10 ans.<\/p>\n<p><strong>Semaine \u00ab\u00a0Relaxation et couleurs en peinture\u00a0\u00bb &#8211; 07 au 11 juillet 2014<\/strong><\/p>\n<p>En collaboration avec France Mackowski, art th\u00e9rapeute, un groupe d&rsquo;enfants \u00e2ges de 8 \u00e0 10 ans s&rsquo;ouvre aux bienfaits de la relaxation, des exercices corporels et respiratoires, des jeux de concentration, m\u00e9morisation ainsi qu&rsquo;\u00e0 l&rsquo;apport de la couleur qui, par le biais de la peinture, leur permet de se rencontrer, dans la joie.<\/p>\n<p>&nbsp;<\/p>\n<p><strong>La Bulle, Maison des familles &#8211; Beauvais &#8211; \u00ab\u00a0Am\u00e9liorer le lien parents\/enfants, enfants\/parents\u00a0\u00bb &#8211; 6 s\u00e9ances d&rsquo;1h30 &#8211; mai et juin 2014<\/strong><\/p>\n<p>\u00c9changes, conseils permettent toujours de d\u00e9couvrir de nouvelles mani\u00e8res d&rsquo;entrer en contact avec notre enfant et de d\u00e9couvrir sa fa\u00e7on d&rsquo;entrer en contact avec nous, parents. La relaxation nous permet de nous aider \u00e0 prendre du recul, \u00e0 diminuer les tensions, \u00e0 \u00ab\u00a0soigner\u00a0\u00bb notre estime de nous, \u00e0 mieux entrer en contact avec les autres&#8230;<\/p>\n<p>&nbsp;<\/p>\n<p><strong>Semaine \u00ab\u00a0Relaxation et couleurs en peinture\u00a0\u00bb &#8211; 21 au 25 avril 2014<\/strong><\/p>\n<p>En collaboration avec France Mackowski, art th\u00e9rapeute, un groupe d\u00a0\u00bbenfants \u00e2ges de 8 \u00e0 10 ans s&rsquo;ouvre aux bienfaits de la relaxation, des exercices corporels et respiratoires, des jeux de concentration, m\u00e9morisation ainsi qu&rsquo;\u00e0 l&rsquo;apport de la couleur qui, par le biais de la peinture, leur permet de se rencontrer, dans la joie.<\/p>\n<p>&nbsp;<\/p>\n<p><strong>Semaine bleue &#8211; 17 au 23 octobre 2013<\/strong><\/p>\n<p>A l&rsquo;occasion de la semaine bleue, du 17 au 23 octobre 2013, des s\u00e9ances \u00ab\u00a0d\u00e9couverte de la relaxation et la sophrologie\u00a0\u00bb sont offertes par la <a href=\"http:\/\/www.beauvais.fr\/\">Ville de Beauvais<\/a> au public des s\u00e9niors.<\/p>\n<p>D&rsquo;une dur\u00e9e d&rsquo;une heure, dans un cadre accueillant, j&rsquo;interviens au sein de petits groupes (maximum 10 personnes) pour expliquer rapidement l&rsquo;utilit\u00e9 de la sophrologie et la relaxation et leur faire vivre une s\u00e9ance compl\u00e8te.<\/p>\n<p>&nbsp;<\/p>\n<p>&nbsp;<\/p>\n","protected":false},"excerpt":{"rendered":"<p>&nbsp; Ateliers \u00ab\u00a0Au fil des \u00e9motions\u00a0\u00bb &#8211; f\u00e9vrier et avril 2016 Les petits, de 3 ans \u00e0 6 ans apprennent \u00e0 accueillir leurs \u00e9motions, \u00e0 les reconna\u00eetre pour mieux se conna\u00eetre eux-m\u00eames et \u00e0 les transformer en richesse par les &hellip; <a href=\"https:\/\/www.sorege.fr\/?page_id=272\">Continuer la lecture <span class=\"meta-nav\">&rarr;<\/span><\/a><\/p>\n","protected":false},"author":2,"featured_media":0,"parent":27,"menu_order":5,"comment_status":"closed","ping_status":"closed","template":"","meta":{"footnotes":""},"class_list":["post-272","page","type-page","status-publish","hentry"],"aioseo_notices":[],"_links":{"self":[{"href":"https:\/\/www.sorege.fr\/index.php?rest_route=\/wp\/v2\/pages\/272","targetHints":{"allow":["GET"]}}],"collection":[{"href":"https:\/\/www.sorege.fr\/index.php?rest_route=\/wp\/v2\/pages"}],"about":[{"href":"https:\/\/www.sorege.fr\/index.php?rest_route=\/wp\/v2\/types\/page"}],"author":[{"embeddable":true,"href":"https:\/\/www.sorege.fr\/index.php?rest_route=\/wp\/v2\/users\/2"}],"replies":[{"embeddable":true,"href":"https:\/\/www.sorege.fr\/index.php?rest_route=%2Fwp%2Fv2%2Fcomments&post=272"}],"version-history":[{"count":22,"href":"https:\/\/www.sorege.fr\/index.php?rest_route=\/wp\/v2\/pages\/272\/revisions"}],"predecessor-version":[{"id":583,"href":"https:\/\/www.sorege.fr\/index.php?rest_route=\/wp\/v2\/pages\/272\/revisions\/583"}],"up":[{"embeddable":true,"href":"https:\/\/www.sorege.fr\/index.php?rest_route=\/wp\/v2\/pages\/27"}],"wp:attachment":[{"href":"https:\/\/www.sorege.fr\/index.php?rest_route=%2Fwp%2Fv2%2Fmedia&parent=272"}],"curies":[{"name":"wp","href":"https:\/\/api.w.org\/{rel}","templated":true}]}}