{"id":25,"date":"2013-08-13T05:17:12","date_gmt":"2013-08-13T04:17:12","guid":{"rendered":"http:\/\/cluster015.ovh.net\/~sorege\/?page_id=25"},"modified":"2021-02-07T18:29:26","modified_gmt":"2021-02-07T17:29:26","slug":"deontologie","status":"publish","type":"page","link":"https:\/\/www.sorege.fr\/?page_id=25","title":{"rendered":"D\u00e9ontologie"},"content":{"rendered":"<p style=\"text-align: justify;\"><strong>Code d\u00e9ontologique d&rsquo;utilisation de la sophro-relaxation et du coaching<\/strong><\/p>\n<p style=\"text-align: justify;\"><strong><em>Ma relation professionnelle en tant que praticienne en sophro-relaxation et en coaching avec les clients :<\/em><\/strong><br \/>\nMa relation avec les clients est professionnelle, essentiellement ax\u00e9e sur leur bien-\u00eatre et s&rsquo;interdit toute promesse de gu\u00e9rison illusoire. Je m&rsquo;engage \u00e0 m&rsquo;adapter \u00e0 la demande des clients, respectant leur rythme. Je m&rsquo;engage \u00e0\u00a0 pratiquer la sophro-relaxation et le coaching avec une pleine compr\u00e9hension et dans une \u00e9coute active bienveillante.<\/p>\n<p style=\"text-align: justify;\"><em><strong>Mon attitude en sophro-relaxation et en coaching \u00e0 l&rsquo;\u00e9gard des clients :<\/strong><\/em><br \/>\nJe m&rsquo;engage \u00e0 veiller au respect de la libert\u00e9 individuelle et \u00e0 la dignit\u00e9 humaine. Je fais preuve de tol\u00e9rance totale, de non discrimination d&rsquo;\u00e2ge, de sexe, de culture, de religion, d&rsquo;appartenance politique, accueillant inconditionnellement et dans la neutralit\u00e9 la plus totale,\u00a0 les clients, quelque soit leur \u00e9tat de sant\u00e9, leur handicap.<\/p>\n<p style=\"text-align: justify;\"><em><strong>La coh\u00e9rence dans ma pratique\u00a0 en sophro-relaxation et en coaching :<\/strong><\/em><br \/>\nJe m&rsquo;engage \u00e0 respecter les cadres de mes comp\u00e9tences, c&rsquo;est \u00e0 dire, expliquer les contenus et l\u2019intentionnalit\u00e9 des s\u00e9ances et \u00e0 appliquer la congruence et la coh\u00e9rence relatives \u00e0 mes propos. De la m\u00eame mani\u00e8re, au cours de l&rsquo;accompagnement ou au d\u00e9but m\u00eame, je dirigerai le client vers un professionnel d\u00fbment qualifi\u00e9 si je ne peux pas ou plus intervenir aupr\u00e8s de celui-ci (si mes limites ou outils de comp\u00e9tences professionnelles sont atteints).<\/p>\n<p style=\"text-align: justify;\"><em><strong>Ma clart\u00e9\u00a0 \u00e0 l&rsquo;\u00e9gard des clients :<\/strong><\/em><br \/>\nJe m&rsquo;engage \u00e0 expliquer clairement les honoraires, les modalit\u00e9s de paiement, les annulations de consultations de la part des clients comme de moi-m\u00eame, les cong\u00e9s. La dur\u00e9e de l&rsquo;accompagnement, la fin de celui-ci, l&rsquo;envoi vers un autre professionnel font l&rsquo;objet d&rsquo;un \u00e9change dans un but d&rsquo;accord mutuel.<\/p>\n<p style=\"text-align: justify;\"><em><strong>Limites de mes comp\u00e9tences \u00a0:<\/strong><\/em><br \/>\nJe m&rsquo;engage \u00e0 ne pas concurrencer les professionnels de la sant\u00e9\u00a0: je ne pose pas de diagnostic, n&rsquo;influence pas les choix th\u00e9rapeutiques de mes clients et n&rsquo;interf\u00e8re pas dans les traitements en cours. Je peux accompagner un traitement m\u00e9dical, en aucun cas, m&rsquo;y substituer. Je m&rsquo;engage \u00e0 assurer avec discr\u00e9tion et comp\u00e9tence mon r\u00f4le d&rsquo;auxiliaire de la sant\u00e9 avec les autres professionnels.<\/p>\n<p style=\"text-align: justify;\"><strong><em>Travail sur soi, supervision, formations\u00a0:<\/em><\/strong><br \/>\nJe m&rsquo;engage \u00e0 approfondir les cadres m\u00e9thodologiques, th\u00e9oriques, techniques et pratiques propres \u00e0 l&rsquo;application de mon m\u00e9tier ou les faire \u00e9voluer par le biais de formations. Je m&rsquo;engage \u00e0 r\u00e9aliser un travail sur moi profond ainsi qu&rsquo;une supervision d&rsquo;un pair et \u00e0 travailler en synergie avec d&rsquo;autres praticiens de sorte \u00e0 m&rsquo;orienter toujours vers une neutralit\u00e9 et un respect de la dimension humaine globale.<\/p>\n","protected":false},"excerpt":{"rendered":"<p>Code d\u00e9ontologique d&rsquo;utilisation de la sophro-relaxation et du coaching Ma relation professionnelle en tant que praticienne en sophro-relaxation et en coaching avec les clients : Ma relation avec les clients est professionnelle, essentiellement ax\u00e9e sur leur bien-\u00eatre et s&rsquo;interdit toute &hellip; <a href=\"https:\/\/www.sorege.fr\/?page_id=25\">Continuer la lecture <span class=\"meta-nav\">&rarr;<\/span><\/a><\/p>\n","protected":false},"author":2,"featured_media":0,"parent":19,"menu_order":3,"comment_status":"closed","ping_status":"closed","template":"","meta":{"footnotes":""},"class_list":["post-25","page","type-page","status-publish","hentry"],"aioseo_notices":[],"_links":{"self":[{"href":"https:\/\/www.sorege.fr\/index.php?rest_route=\/wp\/v2\/pages\/25","targetHints":{"allow":["GET"]}}],"collection":[{"href":"https:\/\/www.sorege.fr\/index.php?rest_route=\/wp\/v2\/pages"}],"about":[{"href":"https:\/\/www.sorege.fr\/index.php?rest_route=\/wp\/v2\/types\/page"}],"author":[{"embeddable":true,"href":"https:\/\/www.sorege.fr\/index.php?rest_route=\/wp\/v2\/users\/2"}],"replies":[{"embeddable":true,"href":"https:\/\/www.sorege.fr\/index.php?rest_route=%2Fwp%2Fv2%2Fcomments&post=25"}],"version-history":[{"count":5,"href":"https:\/\/www.sorege.fr\/index.php?rest_route=\/wp\/v2\/pages\/25\/revisions"}],"predecessor-version":[{"id":902,"href":"https:\/\/www.sorege.fr\/index.php?rest_route=\/wp\/v2\/pages\/25\/revisions\/902"}],"up":[{"embeddable":true,"href":"https:\/\/www.sorege.fr\/index.php?rest_route=\/wp\/v2\/pages\/19"}],"wp:attachment":[{"href":"https:\/\/www.sorege.fr\/index.php?rest_route=%2Fwp%2Fv2%2Fmedia&parent=25"}],"curies":[{"name":"wp","href":"https:\/\/api.w.org\/{rel}","templated":true}]}}