{"id":241,"date":"2013-10-06T10:40:49","date_gmt":"2013-10-06T09:40:49","guid":{"rendered":"http:\/\/www.sorege.fr\/?page_id=241"},"modified":"2020-04-03T13:49:31","modified_gmt":"2020-04-03T12:49:31","slug":"les-liens-utiles","status":"publish","type":"page","link":"https:\/\/www.sorege.fr\/?page_id=241","title":{"rendered":"Les liens utiles"},"content":{"rendered":"<p>Catherine dispose de biens beaux outils pour nous accompagner, nous permettre de mieux nous conna\u00eetre, nous reconna\u00eetre afin de mieux nous diriger&#8230;<br \/>\n<a href=\"http:\/\/www.ciceronetalents.com\/about2\">www.ciceronetalents.com<\/a><\/p>\n<p>La Compl\u00e9tude est un cabinet de bien-\u00eatre sur <strong>Beauvais<\/strong> o\u00f9 vous pouvez trouver d\u00e9tente et \u00e9quilibre de votre \u00e9nergie vitale gr\u00e2ce aux techniques ancestrales chinoises, indo-tib\u00e9taines et occidentales mais aussi par des techniques plus modernes ( bilan nutritionnel et compl\u00e9ments alimentaires). La \u00ab bo\u00eete \u00e0 outil \u00bb que France Mackowski vous propose permet de maintenir ou de retrouver une belle \u00e9nergie au quotidien.&nbsp; L&rsquo;Art Th\u00e9rapie est \u00e9galement utilis\u00e9e pour parfaire cet accompagnement. <a href=\"http:\/\/www.lacompletude.com\/\">http:\/\/<em>www.LaCompletude.com<\/em><\/a><\/p>\n<p>Nathalie Beudaert, sophrologue relaxologue \u00e0 <strong>Reims<\/strong> accueille enfants, adolescents, adultes, s\u00e9niors pour les aider \u00e0 entretenir un \u00e9tat de bien-\u00eatre ou traiter des sympt\u00f4mes plus pr\u00e9cis. <em><a href=\"http:\/\/www.sophrologie.nathalie.beudaert.net\">www.sophrologie.nathalie.beudaert.net<\/a><cite><\/cite><\/em><\/p>\n<p>L\u2019Art-Th\u00e9rapie Dynamique et le Journal Cr\u00e9atif proposent toute une s\u00e9rie d\u2019outils utilisant les arts plastiques tels que la peinture, l\u2019\u00e9criture, le mind-mapping,\u2026 mais aussi des exercices de respiration, de d\u00e9tente, d\u2019\u00e9nergisation, de visualisation, etc.<br \/>\nLa sophrologie et les techniques de relaxation compl\u00e8tent harmonieusement ces techniques.<br \/>\nQue vous soyez \u00e0 la recherche d\u2019un cheminement doux et profond pour vous sentir pleinement vivant(e) et serein(e), que vous cherchiez un accompagnement pour vous aider \u00e0 traverser une difficult\u00e9 (physique, \u00e9motionnelle, relationnelle,etc.), tous ces outils m\u00e9ritent votre attention. Val\u00e9rie Barrois, <strong>Evreux<\/strong>. <em><a href=\"http:\/\/atelierlescouleursdelavie.wordpress.com\">http:\/\/atelierlescouleursdelavie.wordpress.com<\/a><\/em><\/p>\n<p>Un blog consacr\u00e9 aux enfants qui grandissent et aux adultes qui les accompagnent&#8230; Etablir le lien, partager des exp\u00e9riences entre parents, enseignants, \u00e9ducateurs, th\u00e9rapeutes et tous ceux qui souhaitent d\u00e9velopper et transmettre la pratique d&rsquo;une autre Education, mieux adapt\u00e9e aux sp\u00e9cificit\u00e9s des Enfants d&rsquo;Aujourd&rsquo;hui. Consultez ce magnifique blog &#8230; Accompagnons le changement&#8230;<a href=\"http:\/\/www.enfantsdaujourdhui.fr\"> <cite>www.<b>enfantsdaujourdhui<\/b>.fr<\/cite><\/a><\/p>\n<p>Aude Meslay, sophrologue relaxologue \u00e0 <strong>Issy les Moulineaux<\/strong> ne manquera de vous accueillir dans un endroit charmant avec beaucoup de bienveillance&#8230; <a href=\"http:\/\/audemeslay.wordpress.com\/\" target=\"_blank\" rel=\"noopener noreferrer\">http:\/\/audemeslay.wordpress.com\/<\/a><\/p>\n","protected":false},"excerpt":{"rendered":"<p>Catherine dispose de biens beaux outils pour nous accompagner, nous permettre de mieux nous conna\u00eetre, nous reconna\u00eetre afin de mieux nous diriger&#8230; www.ciceronetalents.com La Compl\u00e9tude est un cabinet de bien-\u00eatre sur Beauvais o\u00f9 vous pouvez trouver d\u00e9tente et \u00e9quilibre de &hellip; <a href=\"https:\/\/www.sorege.fr\/?page_id=241\">Continuer la lecture <span class=\"meta-nav\">&rarr;<\/span><\/a><\/p>\n","protected":false},"author":2,"featured_media":0,"parent":27,"menu_order":3,"comment_status":"open","ping_status":"closed","template":"","meta":{"footnotes":""},"class_list":["post-241","page","type-page","status-publish","hentry"],"aioseo_notices":[],"_links":{"self":[{"href":"https:\/\/www.sorege.fr\/index.php?rest_route=\/wp\/v2\/pages\/241","targetHints":{"allow":["GET"]}}],"collection":[{"href":"https:\/\/www.sorege.fr\/index.php?rest_route=\/wp\/v2\/pages"}],"about":[{"href":"https:\/\/www.sorege.fr\/index.php?rest_route=\/wp\/v2\/types\/page"}],"author":[{"embeddable":true,"href":"https:\/\/www.sorege.fr\/index.php?rest_route=\/wp\/v2\/users\/2"}],"replies":[{"embeddable":true,"href":"https:\/\/www.sorege.fr\/index.php?rest_route=%2Fwp%2Fv2%2Fcomments&post=241"}],"version-history":[{"count":9,"href":"https:\/\/www.sorege.fr\/index.php?rest_route=\/wp\/v2\/pages\/241\/revisions"}],"predecessor-version":[{"id":804,"href":"https:\/\/www.sorege.fr\/index.php?rest_route=\/wp\/v2\/pages\/241\/revisions\/804"}],"up":[{"embeddable":true,"href":"https:\/\/www.sorege.fr\/index.php?rest_route=\/wp\/v2\/pages\/27"}],"wp:attachment":[{"href":"https:\/\/www.sorege.fr\/index.php?rest_route=%2Fwp%2Fv2%2Fmedia&parent=241"}],"curies":[{"name":"wp","href":"https:\/\/api.w.org\/{rel}","templated":true}]}}