{"id":230,"date":"2013-09-27T11:57:27","date_gmt":"2013-09-27T10:57:27","guid":{"rendered":"http:\/\/www.sorege.fr\/?page_id=230"},"modified":"2020-04-03T13:49:41","modified_gmt":"2020-04-03T12:49:41","slug":"lycee-felix-faure-beauvais","status":"publish","type":"page","link":"https:\/\/www.sorege.fr\/?page_id=230","title":{"rendered":"Lyc\u00e9e F\u00e9lix Faure &#8211; Beauvais"},"content":{"rendered":"<p><strong>Ann\u00e9e 2015 &#8211; 2016<\/strong><br \/>\nDes s\u00e9ances de sophrologie d\u00e8s le d\u00e9but de l&rsquo;ann\u00e9e scolaire&#8230;Le mois de novembre voit se former deux groupes d&rsquo;\u00e9l\u00e8ves et d&rsquo;\u00e9tudiants, un troisi\u00e8me un peu plus tard dans l&rsquo;ann\u00e9e&#8230; Estime de soi, confiance en soi, pr\u00e9paration sereine aux examens sont les th\u00e8mes abord\u00e9s mais aussi la gestion des conflits aupr\u00e8s d&rsquo;\u00e9tudiants de BTS.<br \/>\nLe personnel vient \u00e9galement vivre des s\u00e9ances de sophrologie&#8230;<br \/>\nTous les acteurs du lyc\u00e9e impliqu\u00e9s! Quel plaisir.<\/p>\n<p>&nbsp;<\/p>\n<p><strong>Ann\u00e9e 2014 &#8211; 2015<\/strong><br \/>\nLes s\u00e9ances reprennent \u00e0 partir de mars 2015 afin d&rsquo;acompagner les lyc\u00e9ens de la Seconde \u00e0 la Terminale vers la confiance et l&rsquo;estime de soi, vers la pr\u00e9paration sereine \u00e0 des situations \u00e0 fort enjeu (changement de classe, examen, choix d&rsquo;une poursuite d&rsquo;\u00e9tudes&#8230;), vers la construction et l&rsquo;acceptation de leur identit\u00e9.<\/p>\n<p><strong>Ann\u00e9e 2013 &#8211; 2014<\/strong><br \/>\nDes s\u00e9ances bas\u00e9es sur la confiance en soi, la pr\u00e9paration \u00e0 l&rsquo;examen et la gestion du stress se d\u00e9roulent pendant l&rsquo;ann\u00e9e scolaire 2013 &#8211; 2014 aupr\u00e8s de groupes d&rsquo;\u00e9l\u00e8ves de premi\u00e8res et terminales, ce, au lyc\u00e9e F\u00e9lix Faure de Beauvais.<\/p>\n<p>Des s\u00e9ances ax\u00e9es sur la confiance en soi et l&rsquo;estime de soi se d\u00e9roulent en f\u00e9vrier 2014 aupr\u00e8s d&rsquo;une classe de BTS en Alternance.<\/p>\n","protected":false},"excerpt":{"rendered":"<p>Ann\u00e9e 2015 &#8211; 2016 Des s\u00e9ances de sophrologie d\u00e8s le d\u00e9but de l&rsquo;ann\u00e9e scolaire&#8230;Le mois de novembre voit se former deux groupes d&rsquo;\u00e9l\u00e8ves et d&rsquo;\u00e9tudiants, un troisi\u00e8me un peu plus tard dans l&rsquo;ann\u00e9e&#8230; Estime de soi, confiance en soi, pr\u00e9paration &hellip; <a href=\"https:\/\/www.sorege.fr\/?page_id=230\">Continuer la lecture <span class=\"meta-nav\">&rarr;<\/span><\/a><\/p>\n","protected":false},"author":2,"featured_media":0,"parent":27,"menu_order":4,"comment_status":"closed","ping_status":"closed","template":"","meta":{"footnotes":""},"class_list":["post-230","page","type-page","status-publish","hentry"],"aioseo_notices":[],"_links":{"self":[{"href":"https:\/\/www.sorege.fr\/index.php?rest_route=\/wp\/v2\/pages\/230","targetHints":{"allow":["GET"]}}],"collection":[{"href":"https:\/\/www.sorege.fr\/index.php?rest_route=\/wp\/v2\/pages"}],"about":[{"href":"https:\/\/www.sorege.fr\/index.php?rest_route=\/wp\/v2\/types\/page"}],"author":[{"embeddable":true,"href":"https:\/\/www.sorege.fr\/index.php?rest_route=\/wp\/v2\/users\/2"}],"replies":[{"embeddable":true,"href":"https:\/\/www.sorege.fr\/index.php?rest_route=%2Fwp%2Fv2%2Fcomments&post=230"}],"version-history":[{"count":8,"href":"https:\/\/www.sorege.fr\/index.php?rest_route=\/wp\/v2\/pages\/230\/revisions"}],"predecessor-version":[{"id":582,"href":"https:\/\/www.sorege.fr\/index.php?rest_route=\/wp\/v2\/pages\/230\/revisions\/582"}],"up":[{"embeddable":true,"href":"https:\/\/www.sorege.fr\/index.php?rest_route=\/wp\/v2\/pages\/27"}],"wp:attachment":[{"href":"https:\/\/www.sorege.fr\/index.php?rest_route=%2Fwp%2Fv2%2Fmedia&parent=230"}],"curies":[{"name":"wp","href":"https:\/\/api.w.org\/{rel}","templated":true}]}}