{"id":23,"date":"2013-08-13T05:16:14","date_gmt":"2013-08-13T04:16:14","guid":{"rendered":"http:\/\/cluster015.ovh.net\/~sorege\/?page_id=23"},"modified":"2021-11-30T16:27:14","modified_gmt":"2021-11-30T15:27:14","slug":"tarifs","status":"publish","type":"page","link":"https:\/\/www.sorege.fr\/?page_id=23","title":{"rendered":"Tarifs"},"content":{"rendered":"<p><span style=\"color: #0000ff;\"><strong>S\u00e9ances individuelles (comprenant l&rsquo;ensemble des outils Sophrologie &#8211; Hypnose &#8211; Coaching) :<\/strong><\/span><\/p>\n<p><strong><span style=\"text-decoration: underline;\">Enfants\u00a0<\/span> :<\/strong><br \/>\n55 \u20ac &#8211; s\u00e9ance de 45 minutes<strong> environ.<br \/>\nPremi\u00e8re s\u00e9ance d&rsquo;1 heure \u00e0 1h15 : 70 \u20ac<\/strong><\/p>\n<p><span style=\"text-decoration: underline;\"><strong>Adolescents &#8211; Adultes &#8211; S\u00e9niors<\/strong><\/span><br \/>\n70 \u20ac &#8211; s\u00e9ance d&rsquo;une heure \u00e0 1 heure 15<strong>\u00a0environ<\/strong><\/p>\n<p><strong>Coaching WingWave\u00a9<br \/>\n<\/strong>70 \u20ac &#8211; s\u00e9ance de 1h \u00e0 1h15<\/p>\n<p><span style=\"color: #0000ff;\"><strong>S\u00e9ances collectives &#8211; Adultes :<\/strong><\/span><\/p>\n<p>4 \u00e0 5 s\u00e9ances dans un trimestre, d&rsquo;une dur\u00e9e d&rsquo;1h15 \u00e0 1h30, chacune factur\u00e9e 20 \u20ac. (engagement sur l&rsquo;ensemble des dates propos\u00e9es).<\/p>\n<p><strong>Consultations sur Beauvais :<\/strong><\/p>\n<p>&#8211; Centre ville : P\u00f4le Sant\u00e9, 19 place Cl\u00e9menceau<\/p>\n<p>&#8211; Quartier de St Just des Marais<\/p>\n<p><em>Consultations possibles en t\u00e9l\u00e9-consultation si emp\u00eachement<br \/>\n<\/em><\/p>\n","protected":false},"excerpt":{"rendered":"<p>S\u00e9ances individuelles (comprenant l&rsquo;ensemble des outils Sophrologie &#8211; Hypnose &#8211; Coaching) : Enfants\u00a0 : 55 \u20ac &#8211; s\u00e9ance de 45 minutes environ. Premi\u00e8re s\u00e9ance d&rsquo;1 heure \u00e0 1h15 : 70 \u20ac Adolescents &#8211; Adultes &#8211; S\u00e9niors 70 \u20ac &#8211; s\u00e9ance &hellip; <a href=\"https:\/\/www.sorege.fr\/?page_id=23\">Continuer la lecture <span class=\"meta-nav\">&rarr;<\/span><\/a><\/p>\n","protected":false},"author":2,"featured_media":0,"parent":19,"menu_order":2,"comment_status":"closed","ping_status":"closed","template":"","meta":{"footnotes":""},"class_list":["post-23","page","type-page","status-publish","hentry"],"aioseo_notices":[],"_links":{"self":[{"href":"https:\/\/www.sorege.fr\/index.php?rest_route=\/wp\/v2\/pages\/23","targetHints":{"allow":["GET"]}}],"collection":[{"href":"https:\/\/www.sorege.fr\/index.php?rest_route=\/wp\/v2\/pages"}],"about":[{"href":"https:\/\/www.sorege.fr\/index.php?rest_route=\/wp\/v2\/types\/page"}],"author":[{"embeddable":true,"href":"https:\/\/www.sorege.fr\/index.php?rest_route=\/wp\/v2\/users\/2"}],"replies":[{"embeddable":true,"href":"https:\/\/www.sorege.fr\/index.php?rest_route=%2Fwp%2Fv2%2Fcomments&post=23"}],"version-history":[{"count":18,"href":"https:\/\/www.sorege.fr\/index.php?rest_route=\/wp\/v2\/pages\/23\/revisions"}],"predecessor-version":[{"id":943,"href":"https:\/\/www.sorege.fr\/index.php?rest_route=\/wp\/v2\/pages\/23\/revisions\/943"}],"up":[{"embeddable":true,"href":"https:\/\/www.sorege.fr\/index.php?rest_route=\/wp\/v2\/pages\/19"}],"wp:attachment":[{"href":"https:\/\/www.sorege.fr\/index.php?rest_route=%2Fwp%2Fv2%2Fmedia&parent=23"}],"curies":[{"name":"wp","href":"https:\/\/api.w.org\/{rel}","templated":true}]}}