{"id":21,"date":"2013-08-13T05:11:42","date_gmt":"2013-08-13T04:11:42","guid":{"rendered":"http:\/\/cluster015.ovh.net\/~sorege\/?page_id=21"},"modified":"2024-11-20T13:09:28","modified_gmt":"2024-11-20T12:09:28","slug":"qui-suis-je","status":"publish","type":"page","link":"https:\/\/www.sorege.fr\/?page_id=21","title":{"rendered":"Qui suis-je ?"},"content":{"rendered":"<p style=\"text-align: justify;\">Enseignante 20 ann\u00e9es, au contact de publics vari\u00e9s (apprenants et formateurs), j\u2019ai toujours enrichi mes s\u00e9quences avec des outils d\u2019aide \u00e0 la connaissance du corps, des \u00e9motions, de soi et ai finalement d\u00e9cid\u00e9 de diriger pleinement cette action au travers d\u2019un m\u00e9tier, plus en accord avec ce que je devenais.<\/p>\n<p style=\"text-align: justify;\">Certifi\u00e9e Ma\u00eetre Praticienne par l\u2019institut de formation Cassiop\u00e9e (Chatou) en <strong>Sophrologie Relaxation<\/strong>, form\u00e9e \u00e0 l<strong>\u2019accompagnement de la grossesse<\/strong> (ne me substituant pas \u00e0 la pr\u00e9paration \u00e0 l\u2019accouchement des sages femmes), \u00e0 l\u2019<strong>enfance<\/strong> et \u00e0 l\u2019<strong>adolescence<\/strong>, \u00e0 la<strong> sophro-analyse<\/strong>,\u00a0 \u00e0 l&rsquo;accompagnement des<strong> insuffisances sexuelles<\/strong> (certaines n\u00e9cessitent un travail en psychoth\u00e9rapie conjointement \u00e0 la sophro-th\u00e9rapie), \u00e0 la prise en charge des <strong>acouph\u00e8nes<\/strong>\/de l&rsquo;<strong>hyperacousie<\/strong>*,\u00a0 \u00e0 la <strong>sophrologie<\/strong> <strong>ludique<\/strong>, \u00e0 l&rsquo;<strong>hypnose<\/strong> (bases de l&rsquo;hypnose, <strong>hypnose et d\u00e9pendance affective<\/strong> et <strong>hypnose et estime de soi<\/strong>), \u00e0 la <strong>m\u00e9thode SEQUOIA-MDE\u00ae<\/strong> (m\u00e9thode de d\u00e9sensibilisation \u00e9motionnelle), en yoga, derni\u00e8rement, aux <strong>diapasons th\u00e9rapeutiques<\/strong>, pratiquant du th\u00e9\u00e2tre d\u2019improvisation, utilisant la musique intuitive \u00e9galement comme support, je ne manque pas de mettre \u00e0 jour et d\u2019accro\u00eetre mes connaissances afin d\u2019accompagner l\u2019\u00eatre humain sur le chemin du mieux \u00eatre\u2026<br \/>Derni\u00e8rement, <strong>Praticienne en Coaching<\/strong> (f\u00e9vrier 2021) et <strong>Coach Pro<\/strong> (octobre 2021) , form\u00e9e par Synth\u00e9gral Conseil\u00a0 \u00e0 Beauvais et <strong>Coach <a href=\"https:\/\/www.google.com\/url?sa=t&amp;source=web&amp;rct=j&amp;url=https:\/\/wingwave.com\/fr\/a-propos-de-wingwave\/quest-ce-que-le-coaching-wingwave\/&amp;ved=2ahUKEwjjvvGVnNjuAhVkrHEKHZE1DVsQFjACegQIFBAH&amp;usg=AOvVaw0g3KRjLT45ouIF7k1kYwSn\">WingWave\u00a9<\/a><\/strong> (f\u00e9vrier 2021), la palette d&rsquo;outils\u00a0 offre un accompagnement coh\u00e9rent, pr\u00e9cis et adapt\u00e9 \u00e0 la demande du client.<br \/>En 2024, une formation dispens\u00e9e par Pascal V\u00c9LU, M\u00e9decin Ost\u00e9opathe, Posturologue, Th\u00e9rapeute en r\u00e9flexes archa\u00efques et Auriculo m\u00e9decine sur les <strong>R\u00e9flexes Archa\u00efques<\/strong>, me fait d\u00e9couvrir un accompagnement magnifique permettant de restaurer certains r\u00e9flexes indispensables \u00e0 notre \u00e9quilibre&#8230;<\/p>\n<p style=\"text-align: justify;\"><strong>Aider l\u2019homme \u00e0 se reconnecter \u00e0 lui-m\u00eame, \u00e0 prendre conscience de son individualit\u00e9 et de son potentiel, \u00e0 identifier ses talents,\u00a0 sont mes aspirations les plus profondes\u2026<\/strong><\/p>\n<p style=\"text-align: justify;\">Alors, je les accompagne sur ce chemin, en toute humilit\u00e9, parce que j\u2019apprends de moi \u00e0 chaque rencontre avec l\u2019autre\u2026.<\/p>\n<p style=\"text-align: justify;\"><em>* Membre du <a href=\"http:\/\/www.pole-sophrologie-acouphenes.fr\/\">P\u00f4le Sophrologie et Acouph\u00e8nes<\/a><\/em><\/p>\n\n\n<div class=\"wp-block-columns is-layout-flex wp-container-core-columns-is-layout-1 wp-block-columns-is-layout-flex\">\n<div class=\"wp-block-column is-layout-flow wp-block-column-is-layout-flow\" style=\"flex-basis:100%\">\n<p><\/p>\n\n\n<div class=\"wp-block-image\">\n<figure class=\"aligncenter size-large is-resized\"><a href=\"http:\/\/www.sorege.fr\/wp-content\/uploads\/2021\/10\/MOI-site-1.png\"><img loading=\"lazy\" decoding=\"async\" width=\"620\" height=\"465\" src=\"http:\/\/www.sorege.fr\/wp-content\/uploads\/2021\/10\/MOI-site-1.png\" alt=\"\" class=\"wp-image-935\" style=\"width:221px;height:166px\" srcset=\"https:\/\/www.sorege.fr\/wp-content\/uploads\/2021\/10\/MOI-site-1.png 620w, https:\/\/www.sorege.fr\/wp-content\/uploads\/2021\/10\/MOI-site-1-300x225.png 300w\" sizes=\"auto, (max-width: 620px) 100vw, 620px\" \/><\/a><\/figure><\/div><\/div>\n<\/div>\n","protected":false},"excerpt":{"rendered":"<p>Enseignante 20 ann\u00e9es, au contact de publics vari\u00e9s (apprenants et formateurs), j\u2019ai toujours enrichi mes s\u00e9quences avec des outils d\u2019aide \u00e0 la connaissance du corps, des \u00e9motions, de soi et ai finalement d\u00e9cid\u00e9 de diriger pleinement cette action au travers &hellip; <a href=\"https:\/\/www.sorege.fr\/?page_id=21\">Continuer la lecture <span class=\"meta-nav\">&rarr;<\/span><\/a><\/p>\n","protected":false},"author":2,"featured_media":932,"parent":19,"menu_order":1,"comment_status":"closed","ping_status":"closed","template":"","meta":{"footnotes":""},"class_list":["post-21","page","type-page","status-publish","has-post-thumbnail","hentry"],"aioseo_notices":[],"_links":{"self":[{"href":"https:\/\/www.sorege.fr\/index.php?rest_route=\/wp\/v2\/pages\/21","targetHints":{"allow":["GET"]}}],"collection":[{"href":"https:\/\/www.sorege.fr\/index.php?rest_route=\/wp\/v2\/pages"}],"about":[{"href":"https:\/\/www.sorege.fr\/index.php?rest_route=\/wp\/v2\/types\/page"}],"author":[{"embeddable":true,"href":"https:\/\/www.sorege.fr\/index.php?rest_route=\/wp\/v2\/users\/2"}],"replies":[{"embeddable":true,"href":"https:\/\/www.sorege.fr\/index.php?rest_route=%2Fwp%2Fv2%2Fcomments&post=21"}],"version-history":[{"count":30,"href":"https:\/\/www.sorege.fr\/index.php?rest_route=\/wp\/v2\/pages\/21\/revisions"}],"predecessor-version":[{"id":1054,"href":"https:\/\/www.sorege.fr\/index.php?rest_route=\/wp\/v2\/pages\/21\/revisions\/1054"}],"up":[{"embeddable":true,"href":"https:\/\/www.sorege.fr\/index.php?rest_route=\/wp\/v2\/pages\/19"}],"wp:featuredmedia":[{"embeddable":true,"href":"https:\/\/www.sorege.fr\/index.php?rest_route=\/wp\/v2\/media\/932"}],"wp:attachment":[{"href":"https:\/\/www.sorege.fr\/index.php?rest_route=%2Fwp%2Fv2%2Fmedia&parent=21"}],"curies":[{"name":"wp","href":"https:\/\/api.w.org\/{rel}","templated":true}]}}